{"id":235,"date":"2024-07-11T14:59:49","date_gmt":"2024-07-11T13:59:49","guid":{"rendered":"https:\/\/espirita.store\/?post_type=product&#038;p=235"},"modified":"2025-08-29T21:12:06","modified_gmt":"2025-08-29T20:12:06","slug":"stella-rosa-peach","status":"publish","type":"product","link":"https:\/\/espirita.store\/?product=stella-rosa-peach","title":{"rendered":"Stella Rosa Peach"},"content":{"rendered":"<p style=\"text-align: center\">750\u202fml<\/p>\n<p style=\"text-align: center\">Vino blanco semidulce y ligeramente espumoso con un sabor natural a durazno jugoso. Refrescante, arom\u00e1tico y suave, ideal para quienes prefieren vinos ligeros, frutales y f\u00e1ciles de beber.<\/p>\n<p style=\"text-align: center\" data-start=\"422\" data-end=\"440\"><strong data-start=\"422\" data-end=\"431\">Pa\u00eds:<\/strong> Italia<\/p>\n<p style=\"text-align: center\" data-start=\"443\" data-end=\"493\"><strong data-start=\"443\" data-end=\"454\">Bodega:<\/strong> Stella Rosa (by Riboli Family Wines)<\/p>\n<p style=\"text-align: center\" data-start=\"496\" data-end=\"543\"><strong data-start=\"496\" data-end=\"505\">Tipo:<\/strong> Vino blanco aromatizado \/ Frizzante<\/p>\n<p style=\"text-align: center\" data-start=\"546\" data-end=\"619\"><strong data-start=\"546\" data-end=\"556\">Sabor:<\/strong> Durazno maduro, con notas florales y un final dulce y fresco<\/p>\n<p style=\"text-align: center\" data-start=\"622\" data-end=\"671\"><strong data-start=\"622\" data-end=\"648\">Graduaci\u00f3n alcoh\u00f3lica:<\/strong> Aproximadamente 5% ABV<\/p>\n<p style=\"text-align: center\"><strong data-start=\"673\" data-end=\"687\">Maridajes:<\/strong><br data-start=\"687\" data-end=\"690\" \/>Ensaladas frescas, sushi, mariscos, postres con frutas o simplemente como aperitivo bien fr\u00edo.<\/p>\n","protected":false},"excerpt":{"rendered":"<p>750\u202fml Vino blanco semidulce y ligeramente espumoso con un sabor natural a durazno jugoso. Refrescante, arom\u00e1tico y suave, ideal para quienes prefieren vinos ligeros, frutales y f\u00e1ciles de beber. Pa\u00eds: Italia Bodega: Stella Rosa (by Riboli Family Wines) Tipo: Vino blanco aromatizado \/ Frizzante Sabor: Durazno maduro, con notas florales y un final dulce y [&hellip;]<\/p>\n","protected":false},"featured_media":225,"comment_status":"open","ping_status":"closed","template":"","meta":[],"product_brand":[],"product_cat":[30],"product_tag":[],"class_list":{"0":"post-235","1":"product","2":"type-product","3":"status-publish","4":"has-post-thumbnail","6":"product_cat-vino-blanco","8":"first","9":"instock","10":"shipping-taxable","11":"purchasable","12":"product-type-simple"},"_links":{"self":[{"href":"https:\/\/espirita.store\/index.php?rest_route=\/wp\/v2\/product\/235","targetHints":{"allow":["GET"]}}],"collection":[{"href":"https:\/\/espirita.store\/index.php?rest_route=\/wp\/v2\/product"}],"about":[{"href":"https:\/\/espirita.store\/index.php?rest_route=\/wp\/v2\/types\/product"}],"replies":[{"embeddable":true,"href":"https:\/\/espirita.store\/index.php?rest_route=%2Fwp%2Fv2%2Fcomments&post=235"}],"wp:featuredmedia":[{"embeddable":true,"href":"https:\/\/espirita.store\/index.php?rest_route=\/wp\/v2\/media\/225"}],"wp:attachment":[{"href":"https:\/\/espirita.store\/index.php?rest_route=%2Fwp%2Fv2%2Fmedia&parent=235"}],"wp:term":[{"taxonomy":"product_brand","embeddable":true,"href":"https:\/\/espirita.store\/index.php?rest_route=%2Fwp%2Fv2%2Fproduct_brand&post=235"},{"taxonomy":"product_cat","embeddable":true,"href":"https:\/\/espirita.store\/index.php?rest_route=%2Fwp%2Fv2%2Fproduct_cat&post=235"},{"taxonomy":"product_tag","embeddable":true,"href":"https:\/\/espirita.store\/index.php?rest_route=%2Fwp%2Fv2%2Fproduct_tag&post=235"}],"curies":[{"name":"wp","href":"https:\/\/api.w.org\/{rel}","templated":true}]}}