{"id":233,"date":"2024-07-11T14:54:26","date_gmt":"2024-07-11T13:54:26","guid":{"rendered":"https:\/\/espirita.store\/?post_type=product&#038;p=233"},"modified":"2025-08-29T21:12:27","modified_gmt":"2025-08-29T20:12:27","slug":"stella-rosa-pineapple","status":"publish","type":"product","link":"https:\/\/espirita.store\/?product=stella-rosa-pineapple","title":{"rendered":"Stella Rosa Pineapple"},"content":{"rendered":"<p style=\"text-align: center\">750\u202fml<\/p>\n<p style=\"text-align: center\">Vino blanco semidulce y ligeramente espumoso con sabor natural a pi\u00f1a tropical. Refrescante y frutal, perfecto para climas c\u00e1lidos o como bebida festiva para quienes disfrutan sabores ex\u00f3ticos y dulces.<\/p>\n<p style=\"text-align: center\" data-start=\"475\" data-end=\"493\"><strong data-start=\"475\" data-end=\"484\">Pa\u00eds:<\/strong> Italia<\/p>\n<p style=\"text-align: center\" data-start=\"496\" data-end=\"546\"><strong data-start=\"496\" data-end=\"507\">Bodega:<\/strong> Stella Rosa (by Riboli Family Wines)<\/p>\n<p style=\"text-align: center\" data-start=\"549\" data-end=\"596\"><strong data-start=\"549\" data-end=\"558\">Tipo:<\/strong> Vino blanco aromatizado \/ Frizzante<\/p>\n<p style=\"text-align: center\" data-start=\"599\" data-end=\"664\"><strong data-start=\"599\" data-end=\"609\">Sabor:<\/strong> Pi\u00f1a madura, notas c\u00edtricas y un final suave y dulce<\/p>\n<p style=\"text-align: center\" data-start=\"667\" data-end=\"716\"><strong data-start=\"667\" data-end=\"693\">Graduaci\u00f3n alcoh\u00f3lica:<\/strong> Aproximadamente 5% ABV<\/p>\n<p style=\"text-align: center\"><strong data-start=\"718\" data-end=\"732\">Maridajes:<\/strong><br data-start=\"732\" data-end=\"735\" \/>Comida tailandesa, pollo a la parrilla, camarones, ensaladas tropicales, postres con coco o frutas, o como vino para c\u00f3cteles veraniegos.<\/p>\n","protected":false},"excerpt":{"rendered":"<p><i><strong>Pa\u00eds : Italia<\/strong><br \/>\n<\/i><i>Tipo De Vino: Champan V. Vino espumoso<br \/>\n<\/i><i>Estilo: Dulce<br \/>\n<\/i><i>Cuerpo: De cuerpo Mediano<\/i><\/p>\n","protected":false},"featured_media":226,"comment_status":"open","ping_status":"closed","template":"","meta":[],"product_brand":[],"product_cat":[30],"product_tag":[],"class_list":{"0":"post-233","1":"product","2":"type-product","3":"status-publish","4":"has-post-thumbnail","6":"product_cat-vino-blanco","8":"first","9":"instock","10":"shipping-taxable","11":"purchasable","12":"product-type-simple"},"_links":{"self":[{"href":"https:\/\/espirita.store\/index.php?rest_route=\/wp\/v2\/product\/233","targetHints":{"allow":["GET"]}}],"collection":[{"href":"https:\/\/espirita.store\/index.php?rest_route=\/wp\/v2\/product"}],"about":[{"href":"https:\/\/espirita.store\/index.php?rest_route=\/wp\/v2\/types\/product"}],"replies":[{"embeddable":true,"href":"https:\/\/espirita.store\/index.php?rest_route=%2Fwp%2Fv2%2Fcomments&post=233"}],"wp:featuredmedia":[{"embeddable":true,"href":"https:\/\/espirita.store\/index.php?rest_route=\/wp\/v2\/media\/226"}],"wp:attachment":[{"href":"https:\/\/espirita.store\/index.php?rest_route=%2Fwp%2Fv2%2Fmedia&parent=233"}],"wp:term":[{"taxonomy":"product_brand","embeddable":true,"href":"https:\/\/espirita.store\/index.php?rest_route=%2Fwp%2Fv2%2Fproduct_brand&post=233"},{"taxonomy":"product_cat","embeddable":true,"href":"https:\/\/espirita.store\/index.php?rest_route=%2Fwp%2Fv2%2Fproduct_cat&post=233"},{"taxonomy":"product_tag","embeddable":true,"href":"https:\/\/espirita.store\/index.php?rest_route=%2Fwp%2Fv2%2Fproduct_tag&post=233"}],"curies":[{"name":"wp","href":"https:\/\/api.w.org\/{rel}","templated":true}]}}