{"id":1091,"date":"2025-10-07T21:01:50","date_gmt":"2025-10-07T20:01:50","guid":{"rendered":"https:\/\/espirita.store\/?post_type=product&#038;p=1091"},"modified":"2026-01-17T22:28:40","modified_gmt":"2026-01-17T22:28:40","slug":"ron-carupano-reserva-12-exclusiva","status":"publish","type":"product","link":"https:\/\/espirita.store\/?product=ron-carupano-reserva-12-exclusiva","title":{"rendered":"Ron Car\u00fapano Reserva 12 Exclusiva"},"content":{"rendered":"<p style=\"text-align: center\" data-start=\"208\" data-end=\"234\"><strong data-start=\"208\" data-end=\"222\">Categor\u00eda:<\/strong> Ron A\u00f1ejo<\/p>\n<p style=\"text-align: center\" data-start=\"237\" data-end=\"299\"><strong data-start=\"237\" data-end=\"255\">Pa\u00eds \/ Regi\u00f3n:<\/strong> Venezuela \u2013 Valle de Macarapana, Car\u00fapano<\/p>\n<p style=\"text-align: center\" data-start=\"302\" data-end=\"324\"><strong data-start=\"302\" data-end=\"315\">Cantidad:<\/strong> 750 ml<\/p>\n<p style=\"text-align: center\" data-start=\"328\" data-end=\"355\"><strong data-start=\"328\" data-end=\"353\">Productos destacados:<\/strong><\/p>\n<p style=\"text-align: center\" data-start=\"360\" data-end=\"442\">Producido por <strong data-start=\"374\" data-end=\"397\">Destiler\u00eda Car\u00fapano<\/strong>, una de las m\u00e1s prestigiosas de Venezuela.<\/p>\n<p style=\"text-align: center\" data-start=\"447\" data-end=\"540\">Elaborado con <strong data-start=\"461\" data-end=\"508\">aguardientes y destilados de ca\u00f1a de az\u00facar<\/strong> cuidadosamente seleccionados.<\/p>\n<p style=\"text-align: center\" data-start=\"545\" data-end=\"640\">Envejecido hasta <strong data-start=\"562\" data-end=\"611\">12 a\u00f1os en barricas de roble blanco americano<\/strong>, sin reposici\u00f3n de mermas.<\/p>\n<p style=\"text-align: center\" data-start=\"645\" data-end=\"706\">Reconocido internacionalmente por su suavidad y equilibrio.<\/p>\n<p style=\"text-align: center\" data-start=\"710\" data-end=\"1148\">Ron Car\u00fapano Reserva 12 Exclusiva es un ron a\u00f1ejo de color \u00e1mbar intenso con destellos dorados. En nariz ofrece notas de madera, vainilla, miel, caramelo y frutos secos. En boca es redondo, elegante y persistente, con sabores dulces equilibrados por un toque de roble y cacao. Su textura aterciopelada y su aroma complejo lo convierten en un ron premium ideal para degustar solo o en c\u00f3cteles sofisticados.<\/p>\n<p style=\"text-align: center\" data-start=\"1152\" data-end=\"1179\"><strong data-start=\"1152\" data-end=\"1177\">Maridaje recomendado:<\/strong><\/p>\n<p style=\"text-align: center\" data-start=\"1184\" data-end=\"1254\">Perfecto <strong data-start=\"1193\" data-end=\"1213\">solo o con hielo<\/strong>, para apreciar su car\u00e1cter envejecido.<\/p>\n<p style=\"text-align: center\" data-start=\"1259\" data-end=\"1331\">Acompa\u00f1a muy bien <strong data-start=\"1277\" data-end=\"1299\">chocolates oscuros<\/strong>, postres con caramelo o caf\u00e9.<\/p>\n<p style=\"text-align: center\" data-start=\"1336\" data-end=\"1389\">Excelente con <strong data-start=\"1350\" data-end=\"1368\">quesos maduros<\/strong> o carnes ahumadas.<\/p>\n<p style=\"text-align: center\" data-start=\"1394\" data-end=\"1477\">Ideal para c\u00f3cteles cl\u00e1sicos como <strong data-start=\"1428\" data-end=\"1449\">Ron Old Fashioned<\/strong> o <strong data-start=\"1452\" data-end=\"1474\">Car\u00fapano Fashioned<\/strong>.<\/p>\n","protected":false},"excerpt":{"rendered":"<p>Categor\u00eda: Ron A\u00f1ejo Pa\u00eds \/ Regi\u00f3n: Venezuela \u2013 Valle de Macarapana, Car\u00fapano Cantidad: 750 ml Productos destacados: Producido por Destiler\u00eda Car\u00fapano, una de las m\u00e1s prestigiosas de Venezuela. Elaborado con aguardientes y destilados de ca\u00f1a de az\u00facar cuidadosamente seleccionados. Envejecido hasta 12 a\u00f1os en barricas de roble blanco americano, sin reposici\u00f3n de mermas. Reconocido internacionalmente [&hellip;]<\/p>\n","protected":false},"featured_media":1072,"comment_status":"open","ping_status":"closed","template":"","meta":[],"product_brand":[],"product_cat":[74],"product_tag":[],"class_list":{"0":"post-1091","1":"product","2":"type-product","3":"status-publish","4":"has-post-thumbnail","6":"product_cat-ron","8":"first","9":"instock","10":"shipping-taxable","11":"purchasable","12":"product-type-simple"},"_links":{"self":[{"href":"https:\/\/espirita.store\/index.php?rest_route=\/wp\/v2\/product\/1091","targetHints":{"allow":["GET"]}}],"collection":[{"href":"https:\/\/espirita.store\/index.php?rest_route=\/wp\/v2\/product"}],"about":[{"href":"https:\/\/espirita.store\/index.php?rest_route=\/wp\/v2\/types\/product"}],"replies":[{"embeddable":true,"href":"https:\/\/espirita.store\/index.php?rest_route=%2Fwp%2Fv2%2Fcomments&post=1091"}],"wp:featuredmedia":[{"embeddable":true,"href":"https:\/\/espirita.store\/index.php?rest_route=\/wp\/v2\/media\/1072"}],"wp:attachment":[{"href":"https:\/\/espirita.store\/index.php?rest_route=%2Fwp%2Fv2%2Fmedia&parent=1091"}],"wp:term":[{"taxonomy":"product_brand","embeddable":true,"href":"https:\/\/espirita.store\/index.php?rest_route=%2Fwp%2Fv2%2Fproduct_brand&post=1091"},{"taxonomy":"product_cat","embeddable":true,"href":"https:\/\/espirita.store\/index.php?rest_route=%2Fwp%2Fv2%2Fproduct_cat&post=1091"},{"taxonomy":"product_tag","embeddable":true,"href":"https:\/\/espirita.store\/index.php?rest_route=%2Fwp%2Fv2%2Fproduct_tag&post=1091"}],"curies":[{"name":"wp","href":"https:\/\/api.w.org\/{rel}","templated":true}]}}