{"id":1089,"date":"2025-10-07T20:53:44","date_gmt":"2025-10-07T19:53:44","guid":{"rendered":"https:\/\/espirita.store\/?post_type=product&#038;p=1089"},"modified":"2025-10-17T23:18:18","modified_gmt":"2025-10-17T22:18:18","slug":"ron-zacapa-sistema-solera-23","status":"publish","type":"product","link":"https:\/\/espirita.store\/?product=ron-zacapa-sistema-solera-23","title":{"rendered":"Ron Zacapa Sistema Solera 23"},"content":{"rendered":"<p style=\"text-align: center\" data-start=\"310\" data-end=\"353\"><strong data-start=\"310\" data-end=\"324\">Categor\u00eda:<\/strong> Ron A\u00f1ejo Premium \/ Solera<\/p>\n<p style=\"text-align: center\" data-start=\"356\" data-end=\"403\"><strong data-start=\"356\" data-end=\"374\">Pa\u00eds \/ Regi\u00f3n:<\/strong> Guatemala \u2013 Quetzaltenango<\/p>\n<p style=\"text-align: center\" data-start=\"406\" data-end=\"428\"><strong data-start=\"406\" data-end=\"419\">Cantidad:<\/strong> 750 ml<\/p>\n<p style=\"text-align: center\" data-start=\"432\" data-end=\"459\"><strong data-start=\"432\" data-end=\"457\">Productos destacados:<\/strong><\/p>\n<p style=\"text-align: center\" data-start=\"464\" data-end=\"574\">Ron guatemalteco de prestigio internacional, elaborado con <strong data-start=\"523\" data-end=\"557\">aguardientes de ca\u00f1a de az\u00facar<\/strong> seleccionadas.<\/p>\n<p style=\"text-align: center\" data-start=\"579\" data-end=\"684\">Sistema de envejecimiento <strong data-start=\"605\" data-end=\"618\">Solera 23<\/strong>, que combina rones de 6 a 23 a\u00f1os en barricas de roble y jerez.<\/p>\n<p style=\"text-align: center\" data-start=\"689\" data-end=\"751\">Botella elegante de dise\u00f1o premium, reconocida mundialmente.<\/p>\n<p style=\"text-align: center\" data-start=\"756\" data-end=\"813\">Ganador de m\u00faltiples premios por su calidad y suavidad.<\/p>\n<p style=\"text-align: center\" data-start=\"817\" data-end=\"1185\"><br data-start=\"842\" data-end=\"845\" \/>Ron Zacapa 23 presenta color \u00e1mbar profundo con reflejos dorados. En nariz destacan notas de vainilla, cacao, frutos secos, caramelo, miel y madera tostada. En boca es suave, redondo y complejo, con sabores equilibrados a caf\u00e9, miel, pasas, nueces y especias dulces. Final largo, c\u00e1lido y elegante, representativo de rones de alta gama.<\/p>\n<p style=\"text-align: center\" data-start=\"1189\" data-end=\"1216\"><strong data-start=\"1189\" data-end=\"1214\">Maridaje recomendado:<\/strong><\/p>\n<p style=\"text-align: center\" data-start=\"1221\" data-end=\"1279\"><strong data-start=\"1221\" data-end=\"1241\">Solo o con hielo<\/strong>, para apreciar toda su complejidad.<\/p>\n<p style=\"text-align: center\" data-start=\"1284\" data-end=\"1335\">Chocolate oscuro, postres de caramelo o vainilla.<\/p>\n<p style=\"text-align: center\" data-start=\"1340\" data-end=\"1367\">Quesos curados o maduros.<\/p>\n<p style=\"text-align: center\" data-start=\"1372\" data-end=\"1466\">Ideal para degustaciones, celebraciones y cocteler\u00eda premium (Old Fashioned, Ron Fashioned).<\/p>\n<p style=\"text-align: center\" data-start=\"1471\" data-end=\"1519\">Perfecto para brindar en ocasiones especiales.<\/p>\n","protected":false},"excerpt":{"rendered":"<p>Categor\u00eda: Ron A\u00f1ejo Premium \/ Solera Pa\u00eds \/ Regi\u00f3n: Guatemala \u2013 Quetzaltenango Cantidad: 750 ml Productos destacados: Ron guatemalteco de prestigio internacional, elaborado con aguardientes de ca\u00f1a de az\u00facar seleccionadas. Sistema de envejecimiento Solera 23, que combina rones de 6 a 23 a\u00f1os en barricas de roble y jerez. Botella elegante de dise\u00f1o premium, reconocida [&hellip;]<\/p>\n","protected":false},"featured_media":1070,"comment_status":"open","ping_status":"closed","template":"","meta":[],"product_brand":[],"product_cat":[74],"product_tag":[],"class_list":{"0":"post-1089","1":"product","2":"type-product","3":"status-publish","4":"has-post-thumbnail","6":"product_cat-ron","8":"first","9":"instock","10":"shipping-taxable","11":"purchasable","12":"product-type-simple"},"_links":{"self":[{"href":"https:\/\/espirita.store\/index.php?rest_route=\/wp\/v2\/product\/1089","targetHints":{"allow":["GET"]}}],"collection":[{"href":"https:\/\/espirita.store\/index.php?rest_route=\/wp\/v2\/product"}],"about":[{"href":"https:\/\/espirita.store\/index.php?rest_route=\/wp\/v2\/types\/product"}],"replies":[{"embeddable":true,"href":"https:\/\/espirita.store\/index.php?rest_route=%2Fwp%2Fv2%2Fcomments&post=1089"}],"wp:featuredmedia":[{"embeddable":true,"href":"https:\/\/espirita.store\/index.php?rest_route=\/wp\/v2\/media\/1070"}],"wp:attachment":[{"href":"https:\/\/espirita.store\/index.php?rest_route=%2Fwp%2Fv2%2Fmedia&parent=1089"}],"wp:term":[{"taxonomy":"product_brand","embeddable":true,"href":"https:\/\/espirita.store\/index.php?rest_route=%2Fwp%2Fv2%2Fproduct_brand&post=1089"},{"taxonomy":"product_cat","embeddable":true,"href":"https:\/\/espirita.store\/index.php?rest_route=%2Fwp%2Fv2%2Fproduct_cat&post=1089"},{"taxonomy":"product_tag","embeddable":true,"href":"https:\/\/espirita.store\/index.php?rest_route=%2Fwp%2Fv2%2Fproduct_tag&post=1089"}],"curies":[{"name":"wp","href":"https:\/\/api.w.org\/{rel}","templated":true}]}}