{"id":1085,"date":"2025-10-04T18:06:11","date_gmt":"2025-10-04T17:06:11","guid":{"rendered":"https:\/\/espirita.store\/?post_type=product&#038;p=1085"},"modified":"2025-10-17T23:22:10","modified_gmt":"2025-10-17T22:22:10","slug":"1085","status":"publish","type":"product","link":"https:\/\/espirita.store\/?product=1085","title":{"rendered":"Roberto Cavalli Vodka"},"content":{"rendered":"<p style=\"text-align: center\" data-start=\"261\" data-end=\"288\"><strong data-start=\"261\" data-end=\"279\">Pa\u00eds \/ Regi\u00f3n:<\/strong> Italia<\/p>\n<p style=\"text-align: center\" data-start=\"347\" data-end=\"374\"><strong data-start=\"347\" data-end=\"372\">Productos destacados:<\/strong><\/p>\n<p style=\"text-align: center\" data-start=\"379\" data-end=\"450\">Vodka premium de origen italiano, elaborado con granos seleccionados.<\/p>\n<p style=\"text-align: center\" data-start=\"455\" data-end=\"511\">Destilado varias veces para obtener suavidad y pureza.<\/p>\n<p style=\"text-align: center\" data-start=\"516\" data-end=\"645\">Botella <strong data-start=\"524\" data-end=\"540\">transparente<\/strong>, elegante y minimalista, distinta de la edici\u00f3n negra que tiene perfil m\u00e1s intenso o diferente dise\u00f1o.<\/p>\n<p style=\"text-align: center\" data-start=\"650\" data-end=\"706\">Marca de lujo que combina moda y bebidas espirituosas.<\/p>\n<p style=\"text-align: center\" data-start=\"710\" data-end=\"984\">Presenta un l\u00edquido cristalino, con aroma limpio, sutil y ligeramente dulce a cereal. En boca es suave, aterciopelado, equilibrado y con final seco. Perfecto para quienes buscan un vodka premium que combine elegancia, suavidad y versatilidad.<\/p>\n<p style=\"text-align: center\" data-start=\"988\" data-end=\"1015\"><strong data-start=\"988\" data-end=\"1013\">Maridaje recomendado:<\/strong><\/p>\n<p style=\"text-align: center\" data-start=\"1020\" data-end=\"1069\"><strong data-start=\"1020\" data-end=\"1040\">Solo o con hielo<\/strong>, para disfrutar su pureza.<\/p>\n<p style=\"text-align: center\" data-start=\"1074\" data-end=\"1133\">C\u00f3cteles: Martini, Moscow Mule, Vodka Tonic, Bloody Mary.<\/p>\n<p style=\"text-align: center\" data-start=\"1138\" data-end=\"1186\">Aperitivos ligeros: sushi, ceviche, carpaccio.<\/p>\n<p style=\"text-align: center\" data-start=\"1191\" data-end=\"1252\">Postres delicados: mousse, tartas de frutas, cremas suaves.<\/p>\n<p style=\"text-align: center\" data-start=\"1257\" data-end=\"1318\">Ideal para cocteler\u00eda premium o como bebida de celebraci\u00f3n.<\/p>\n","protected":false},"excerpt":{"rendered":"<p>Pa\u00eds \/ Regi\u00f3n: Italia Productos destacados: Vodka premium de origen italiano, elaborado con granos seleccionados. Destilado varias veces para obtener suavidad y pureza. Botella transparente, elegante y minimalista, distinta de la edici\u00f3n negra que tiene perfil m\u00e1s intenso o diferente dise\u00f1o. Marca de lujo que combina moda y bebidas espirituosas. Presenta un l\u00edquido cristalino, con [&hellip;]<\/p>\n","protected":false},"featured_media":1069,"comment_status":"open","ping_status":"closed","template":"","meta":[],"product_brand":[],"product_cat":[40],"product_tag":[],"class_list":{"0":"post-1085","1":"product","2":"type-product","3":"status-publish","4":"has-post-thumbnail","6":"product_cat-vodka","8":"first","9":"instock","10":"shipping-taxable","11":"purchasable","12":"product-type-simple"},"_links":{"self":[{"href":"https:\/\/espirita.store\/index.php?rest_route=\/wp\/v2\/product\/1085","targetHints":{"allow":["GET"]}}],"collection":[{"href":"https:\/\/espirita.store\/index.php?rest_route=\/wp\/v2\/product"}],"about":[{"href":"https:\/\/espirita.store\/index.php?rest_route=\/wp\/v2\/types\/product"}],"replies":[{"embeddable":true,"href":"https:\/\/espirita.store\/index.php?rest_route=%2Fwp%2Fv2%2Fcomments&post=1085"}],"wp:featuredmedia":[{"embeddable":true,"href":"https:\/\/espirita.store\/index.php?rest_route=\/wp\/v2\/media\/1069"}],"wp:attachment":[{"href":"https:\/\/espirita.store\/index.php?rest_route=%2Fwp%2Fv2%2Fmedia&parent=1085"}],"wp:term":[{"taxonomy":"product_brand","embeddable":true,"href":"https:\/\/espirita.store\/index.php?rest_route=%2Fwp%2Fv2%2Fproduct_brand&post=1085"},{"taxonomy":"product_cat","embeddable":true,"href":"https:\/\/espirita.store\/index.php?rest_route=%2Fwp%2Fv2%2Fproduct_cat&post=1085"},{"taxonomy":"product_tag","embeddable":true,"href":"https:\/\/espirita.store\/index.php?rest_route=%2Fwp%2Fv2%2Fproduct_tag&post=1085"}],"curies":[{"name":"wp","href":"https:\/\/api.w.org\/{rel}","templated":true}]}}