{"id":1084,"date":"2025-10-04T18:01:55","date_gmt":"2025-10-04T17:01:55","guid":{"rendered":"https:\/\/espirita.store\/?post_type=product&#038;p=1084"},"modified":"2025-10-17T23:22:48","modified_gmt":"2025-10-17T22:22:48","slug":"goodnight-loving-vodka","status":"publish","type":"product","link":"https:\/\/espirita.store\/?product=goodnight-loving-vodka","title":{"rendered":"Goodnight Loving Vodka"},"content":{"rendered":"<p style=\"text-align: center\" data-start=\"166\" data-end=\"196\"><strong data-start=\"166\" data-end=\"180\">Categor\u00eda:<\/strong> Vodka Premium<\/p>\n<p style=\"text-align: center\" data-start=\"199\" data-end=\"244\"><strong data-start=\"199\" data-end=\"217\">Pa\u00eds \/ Regi\u00f3n:<\/strong> Estados Unidos \u2013 Wyoming<\/p>\n<p style=\"text-align: center\" data-start=\"273\" data-end=\"300\"><strong data-start=\"273\" data-end=\"298\">Productos destacados:<\/strong><\/p>\n<p style=\"text-align: center\" data-start=\"305\" data-end=\"352\">Vodka artesanal de perfil <strong data-start=\"331\" data-end=\"349\">suave y limpio<\/strong>.<\/p>\n<p style=\"text-align: center\" data-start=\"357\" data-end=\"411\">Destilado varias veces para lograr pureza y balance.<\/p>\n<p style=\"text-align: center\" data-start=\"416\" data-end=\"487\">Inspirado en el paisaje del oeste americano, espec\u00edficamente Wyoming.<\/p>\n<p style=\"text-align: center\" data-start=\"492\" data-end=\"573\">Botella de dise\u00f1o elegante y minimalista, t\u00edpica de vodkas premium artesanales.<\/p>\n<p style=\"text-align: center\" data-start=\"577\" data-end=\"901\">Goodnight Loving Vodka es un destilado cristalino con aroma limpio y delicado, apenas perceptible a cereales y notas ligeramente dulces. En boca es suave, redondo y de textura aterciopelada, con final seco y equilibrado. Ideal para consumo directo, cocteler\u00eda sofisticada o maridajes ligeros.<\/p>\n<p style=\"text-align: center\" data-start=\"905\" data-end=\"932\"><strong data-start=\"905\" data-end=\"930\">Maridaje recomendado:<\/strong><\/p>\n<p style=\"text-align: center\" data-start=\"937\" data-end=\"987\"><strong data-start=\"937\" data-end=\"957\">Solo o con hielo<\/strong>, para apreciar su suavidad.<\/p>\n<p style=\"text-align: center\" data-start=\"992\" data-end=\"1047\">C\u00f3cteles cl\u00e1sicos: Martini, Moscow Mule, Vodka Tonic.<\/p>\n<p style=\"text-align: center\" data-start=\"1052\" data-end=\"1111\">Aperitivos ligeros: ceviche, sushi, carpaccio de pescado.<\/p>\n<p style=\"text-align: center\" data-start=\"1116\" data-end=\"1177\">Postres delicados: mousse, tartas de frutas, cremas suaves.<\/p>\n<p style=\"text-align: center\" data-start=\"1182\" data-end=\"1243\">Excelente para brindar o como base para cocteler\u00eda premium.<\/p>\n","protected":false},"excerpt":{"rendered":"<p>Categor\u00eda: Vodka Premium Pa\u00eds \/ Regi\u00f3n: Estados Unidos \u2013 Wyoming Productos destacados: Vodka artesanal de perfil suave y limpio. Destilado varias veces para lograr pureza y balance. Inspirado en el paisaje del oeste americano, espec\u00edficamente Wyoming. Botella de dise\u00f1o elegante y minimalista, t\u00edpica de vodkas premium artesanales. Goodnight Loving Vodka es un destilado cristalino con [&hellip;]<\/p>\n","protected":false},"featured_media":1068,"comment_status":"open","ping_status":"closed","template":"","meta":[],"product_brand":[],"product_cat":[40],"product_tag":[],"class_list":{"0":"post-1084","1":"product","2":"type-product","3":"status-publish","4":"has-post-thumbnail","6":"product_cat-vodka","8":"first","9":"instock","10":"shipping-taxable","11":"purchasable","12":"product-type-simple"},"_links":{"self":[{"href":"https:\/\/espirita.store\/index.php?rest_route=\/wp\/v2\/product\/1084","targetHints":{"allow":["GET"]}}],"collection":[{"href":"https:\/\/espirita.store\/index.php?rest_route=\/wp\/v2\/product"}],"about":[{"href":"https:\/\/espirita.store\/index.php?rest_route=\/wp\/v2\/types\/product"}],"replies":[{"embeddable":true,"href":"https:\/\/espirita.store\/index.php?rest_route=%2Fwp%2Fv2%2Fcomments&post=1084"}],"wp:featuredmedia":[{"embeddable":true,"href":"https:\/\/espirita.store\/index.php?rest_route=\/wp\/v2\/media\/1068"}],"wp:attachment":[{"href":"https:\/\/espirita.store\/index.php?rest_route=%2Fwp%2Fv2%2Fmedia&parent=1084"}],"wp:term":[{"taxonomy":"product_brand","embeddable":true,"href":"https:\/\/espirita.store\/index.php?rest_route=%2Fwp%2Fv2%2Fproduct_brand&post=1084"},{"taxonomy":"product_cat","embeddable":true,"href":"https:\/\/espirita.store\/index.php?rest_route=%2Fwp%2Fv2%2Fproduct_cat&post=1084"},{"taxonomy":"product_tag","embeddable":true,"href":"https:\/\/espirita.store\/index.php?rest_route=%2Fwp%2Fv2%2Fproduct_tag&post=1084"}],"curies":[{"name":"wp","href":"https:\/\/api.w.org\/{rel}","templated":true}]}}