{"id":1077,"date":"2025-10-04T17:16:24","date_gmt":"2025-10-04T16:16:24","guid":{"rendered":"https:\/\/espirita.store\/?post_type=product&#038;p=1077"},"modified":"2025-10-17T23:30:27","modified_gmt":"2025-10-17T22:30:27","slug":"la-marca-prosecco-rose-doc","status":"publish","type":"product","link":"https:\/\/espirita.store\/?product=la-marca-prosecco-rose-doc","title":{"rendered":"La Marca Prosecco Ros\u00e9 DOC"},"content":{"rendered":"<p style=\"text-align: center\" data-start=\"172\" data-end=\"229\"><strong data-start=\"172\" data-end=\"186\">Categor\u00eda:<\/strong> Vino Espumoso Rosado (Prosecco DOC Ros\u00e9)<\/p>\n<p style=\"text-align: center\" data-start=\"232\" data-end=\"268\"><strong data-start=\"232\" data-end=\"250\">Pa\u00eds \/ Regi\u00f3n:<\/strong> Italia \u2013 V\u00e9neto<\/p>\n<p style=\"text-align: center\" data-start=\"297\" data-end=\"324\"><strong data-start=\"297\" data-end=\"322\">Productos destacados:<\/strong><\/p>\n<p style=\"text-align: center\" data-start=\"381\" data-end=\"469\">Blend tradicional: <strong data-start=\"400\" data-end=\"409\">Glera<\/strong> con un porcentaje de <strong data-start=\"431\" data-end=\"445\">Pinot Noir<\/strong> para el color rosado.<\/p>\n<p style=\"text-align: center\" data-start=\"474\" data-end=\"516\">M\u00e9todo Charmat, burbuja fina y elegante.<\/p>\n<p style=\"text-align: center\" data-start=\"521\" data-end=\"597\">Marca reconocida internacionalmente por su calidad en espumosos italianos.<\/p>\n<p style=\"text-align: center\" data-start=\"601\" data-end=\"993\"><br data-start=\"626\" data-end=\"629\" \/>La Marca Prosecco Ros\u00e9 DOC presenta un color rosa p\u00e1lido brillante con reflejos flor de durazno. En nariz destacan notas de frutilla fresca, frambuesa, c\u00edtricos ligeros y flores blancas. En boca es refrescante, frutal y equilibrado, con acidez viva y final suave. Su estilo es elegante pero accesible, ideal tanto para consumo casual como ocasiones especiales.<\/p>\n<p style=\"text-align: center\" data-start=\"997\" data-end=\"1024\"><strong data-start=\"997\" data-end=\"1022\">Maridaje recomendado:<\/strong><\/p>\n<p style=\"text-align: center\" data-start=\"1029\" data-end=\"1090\">Aperitivos: charcuter\u00eda suave, bruschettas, quesos frescos.<\/p>\n<p style=\"text-align: center\" data-start=\"1095\" data-end=\"1154\">Mariscos: camarones, carpaccio de salm\u00f3n, sushi, ceviche.<\/p>\n<p style=\"text-align: center\" data-start=\"1159\" data-end=\"1228\">Platos ligeros: ensaladas con frutas, pastas con mariscos, risotto.<\/p>\n<p style=\"text-align: center\" data-start=\"1233\" data-end=\"1290\">Postres: tartas de frutos rojos, macarons, panna cotta.<\/p>\n<p style=\"text-align: center\" data-start=\"1295\" data-end=\"1368\">Excelente opci\u00f3n para celebraciones, brunch o cocteler\u00eda con espumosos.<\/p>\n","protected":false},"excerpt":{"rendered":"<p>Categor\u00eda: Vino Espumoso Rosado (Prosecco DOC Ros\u00e9) Pa\u00eds \/ Regi\u00f3n: Italia \u2013 V\u00e9neto Productos destacados: Blend tradicional: Glera con un porcentaje de Pinot Noir para el color rosado. M\u00e9todo Charmat, burbuja fina y elegante. Marca reconocida internacionalmente por su calidad en espumosos italianos. La Marca Prosecco Ros\u00e9 DOC presenta un color rosa p\u00e1lido brillante con [&hellip;]<\/p>\n","protected":false},"featured_media":1062,"comment_status":"open","ping_status":"closed","template":"","meta":[],"product_brand":[],"product_cat":[32],"product_tag":[],"class_list":{"0":"post-1077","1":"product","2":"type-product","3":"status-publish","4":"has-post-thumbnail","6":"product_cat-espumoso","8":"first","9":"instock","10":"shipping-taxable","11":"purchasable","12":"product-type-simple"},"_links":{"self":[{"href":"https:\/\/espirita.store\/index.php?rest_route=\/wp\/v2\/product\/1077","targetHints":{"allow":["GET"]}}],"collection":[{"href":"https:\/\/espirita.store\/index.php?rest_route=\/wp\/v2\/product"}],"about":[{"href":"https:\/\/espirita.store\/index.php?rest_route=\/wp\/v2\/types\/product"}],"replies":[{"embeddable":true,"href":"https:\/\/espirita.store\/index.php?rest_route=%2Fwp%2Fv2%2Fcomments&post=1077"}],"wp:featuredmedia":[{"embeddable":true,"href":"https:\/\/espirita.store\/index.php?rest_route=\/wp\/v2\/media\/1062"}],"wp:attachment":[{"href":"https:\/\/espirita.store\/index.php?rest_route=%2Fwp%2Fv2%2Fmedia&parent=1077"}],"wp:term":[{"taxonomy":"product_brand","embeddable":true,"href":"https:\/\/espirita.store\/index.php?rest_route=%2Fwp%2Fv2%2Fproduct_brand&post=1077"},{"taxonomy":"product_cat","embeddable":true,"href":"https:\/\/espirita.store\/index.php?rest_route=%2Fwp%2Fv2%2Fproduct_cat&post=1077"},{"taxonomy":"product_tag","embeddable":true,"href":"https:\/\/espirita.store\/index.php?rest_route=%2Fwp%2Fv2%2Fproduct_tag&post=1077"}],"curies":[{"name":"wp","href":"https:\/\/api.w.org\/{rel}","templated":true}]}}