{"id":1076,"date":"2025-10-04T17:14:05","date_gmt":"2025-10-04T16:14:05","guid":{"rendered":"https:\/\/espirita.store\/?post_type=product&#038;p=1076"},"modified":"2025-10-17T23:35:55","modified_gmt":"2025-10-17T22:35:55","slug":"stella-rosa-prosecco-doc-treviso","status":"publish","type":"product","link":"https:\/\/espirita.store\/?product=stella-rosa-prosecco-doc-treviso","title":{"rendered":"Stella Rosa Prosecco DOC Treviso"},"content":{"rendered":"<p style=\"text-align: center\" data-start=\"187\" data-end=\"232\"><strong data-start=\"187\" data-end=\"201\">Categor\u00eda:<\/strong> Vino Espumoso (Prosecco DOC)<\/p>\n<p style=\"text-align: center\" data-start=\"235\" data-end=\"280\"><strong data-start=\"235\" data-end=\"253\">Pa\u00eds \/ Regi\u00f3n:<\/strong> Italia \u2013 Treviso, V\u00e9neto<\/p>\n<p style=\"text-align: center\" data-start=\"341\" data-end=\"458\">Denominaci\u00f3n de Origen Controlada (DOC) espec\u00edfica de <strong data-start=\"395\" data-end=\"406\">Treviso<\/strong>, reconocida por la alta calidad de sus proseccos.<\/p>\n<p style=\"text-align: center\" data-start=\"463\" data-end=\"490\">Uva principal: <strong data-start=\"478\" data-end=\"487\">Glera<\/strong>.<\/p>\n<p style=\"text-align: center\" data-start=\"495\" data-end=\"550\">Estilo seco y fresco, con burbuja fina y persistente.<\/p>\n<p style=\"text-align: center\" data-start=\"555\" data-end=\"647\">Pertenece a la l\u00ednea premium de Stella Rosa enfocada en espumosos italianos tradicionales.<\/p>\n<p style=\"text-align: center\" data-start=\"651\" data-end=\"1052\"><br data-start=\"676\" data-end=\"679\" \/>Este prosecco de Treviso ofrece una expresi\u00f3n aut\u00e9ntica del terroir del V\u00e9neto. Presenta un color amarillo pajizo brillante, con aromas a pera, manzana verde, flor de acacia y toques c\u00edtricos. En boca es ligero, elegante, refrescante y con acidez equilibrada. La burbuja es delicada y persistente, lo que lo hace ideal tanto para consumo casual como para celebraciones.<\/p>\n<p style=\"text-align: center\" data-start=\"1056\" data-end=\"1083\"><strong data-start=\"1056\" data-end=\"1081\">Maridaje recomendado:<\/strong><\/p>\n<p style=\"text-align: center\" data-start=\"1088\" data-end=\"1140\">Aperitivos: quesos suaves, aceitunas, bruschettas.<\/p>\n<p style=\"text-align: center\" data-start=\"1145\" data-end=\"1209\">Mariscos y pescados blancos: ceviche, sushi, pulpo, camarones.<\/p>\n<p style=\"text-align: center\" data-start=\"1214\" data-end=\"1300\">Platos principales ligeros: pastas con mariscos, risottos suaves, ensaladas gourmet.<\/p>\n<p style=\"text-align: center\" data-start=\"1305\" data-end=\"1361\">Postres frescos: frutas, tiramis\u00fa ligero, panna cotta.<\/p>\n<p style=\"text-align: center\" data-start=\"1366\" data-end=\"1408\">Excelente como aperitivo o para brindar.<\/p>\n","protected":false},"excerpt":{"rendered":"<p>Categor\u00eda: Vino Espumoso (Prosecco DOC) Pa\u00eds \/ Regi\u00f3n: Italia \u2013 Treviso, V\u00e9neto Denominaci\u00f3n de Origen Controlada (DOC) espec\u00edfica de Treviso, reconocida por la alta calidad de sus proseccos. Uva principal: Glera. Estilo seco y fresco, con burbuja fina y persistente. Pertenece a la l\u00ednea premium de Stella Rosa enfocada en espumosos italianos tradicionales. Este prosecco [&hellip;]<\/p>\n","protected":false},"featured_media":1061,"comment_status":"open","ping_status":"closed","template":"","meta":[],"product_brand":[],"product_cat":[32],"product_tag":[],"class_list":{"0":"post-1076","1":"product","2":"type-product","3":"status-publish","4":"has-post-thumbnail","6":"product_cat-espumoso","8":"first","9":"instock","10":"shipping-taxable","11":"purchasable","12":"product-type-simple"},"_links":{"self":[{"href":"https:\/\/espirita.store\/index.php?rest_route=\/wp\/v2\/product\/1076","targetHints":{"allow":["GET"]}}],"collection":[{"href":"https:\/\/espirita.store\/index.php?rest_route=\/wp\/v2\/product"}],"about":[{"href":"https:\/\/espirita.store\/index.php?rest_route=\/wp\/v2\/types\/product"}],"replies":[{"embeddable":true,"href":"https:\/\/espirita.store\/index.php?rest_route=%2Fwp%2Fv2%2Fcomments&post=1076"}],"wp:featuredmedia":[{"embeddable":true,"href":"https:\/\/espirita.store\/index.php?rest_route=\/wp\/v2\/media\/1061"}],"wp:attachment":[{"href":"https:\/\/espirita.store\/index.php?rest_route=%2Fwp%2Fv2%2Fmedia&parent=1076"}],"wp:term":[{"taxonomy":"product_brand","embeddable":true,"href":"https:\/\/espirita.store\/index.php?rest_route=%2Fwp%2Fv2%2Fproduct_brand&post=1076"},{"taxonomy":"product_cat","embeddable":true,"href":"https:\/\/espirita.store\/index.php?rest_route=%2Fwp%2Fv2%2Fproduct_cat&post=1076"},{"taxonomy":"product_tag","embeddable":true,"href":"https:\/\/espirita.store\/index.php?rest_route=%2Fwp%2Fv2%2Fproduct_tag&post=1076"}],"curies":[{"name":"wp","href":"https:\/\/api.w.org\/{rel}","templated":true}]}}