{"id":1026,"date":"2025-09-25T21:46:45","date_gmt":"2025-09-25T20:46:45","guid":{"rendered":"https:\/\/espirita.store\/?post_type=product&#038;p=1026"},"modified":"2025-09-25T21:46:45","modified_gmt":"2025-09-25T20:46:45","slug":"grangestone-bourbon","status":"publish","type":"product","link":"https:\/\/espirita.store\/?product=grangestone-bourbon","title":{"rendered":"Grangestone Bourbon"},"content":{"rendered":"<p style=\"text-align: center\" data-start=\"203\" data-end=\"277\"><strong data-start=\"203\" data-end=\"212\">Tipo:<\/strong> Whisky escoc\u00e9s de malta \u00fanica con acabado en barricas de bourbon<\/p>\n<p style=\"text-align: center\" data-start=\"280\" data-end=\"317\"><strong data-start=\"280\" data-end=\"312\">Graduaci\u00f3n alcoh\u00f3lica (ABV):<\/strong> 40\u202f%<\/p>\n<p style=\"text-align: center\" data-start=\"320\" data-end=\"339\"><strong data-start=\"320\" data-end=\"331\">Origen:<\/strong> Escocia<\/p>\n<p style=\"text-align: center\" data-start=\"342\" data-end=\"439\"><strong data-start=\"342\" data-end=\"361\">Envejecimiento:<\/strong> Finalizado en barricas de roble americano previamente utilizadas para bourbon<\/p>\n<h3 style=\"text-align: center\" data-start=\"493\" data-end=\"517\"><strong data-start=\"500\" data-end=\"517\">Notas de cata<\/strong><\/h3>\n<p style=\"text-align: center\" data-start=\"521\" data-end=\"592\"><strong data-start=\"521\" data-end=\"531\">Aroma:<\/strong> Notas de roble dulce, vainilla y un toque de frutas maduras.<\/p>\n<p style=\"text-align: center\" data-start=\"595\" data-end=\"697\"><strong data-start=\"595\" data-end=\"605\">Sabor:<\/strong> Perfil suave con sabores de caramelo, especias sutiles y un retrogusto ligeramente ahumado.<\/p>\n<p style=\"text-align: center\" data-start=\"700\" data-end=\"759\"><strong data-start=\"700\" data-end=\"710\">Final:<\/strong> Largo y c\u00e1lido, con una ligera dulzura residual.<\/p>\n","protected":false},"excerpt":{"rendered":"<p>Tipo: Whisky escoc\u00e9s de malta \u00fanica con acabado en barricas de bourbon Graduaci\u00f3n alcoh\u00f3lica (ABV): 40\u202f% Origen: Escocia Envejecimiento: Finalizado en barricas de roble americano previamente utilizadas para bourbon Notas de cata Aroma: Notas de roble dulce, vainilla y un toque de frutas maduras. Sabor: Perfil suave con sabores de caramelo, especias sutiles y un [&hellip;]<\/p>\n","protected":false},"featured_media":1027,"comment_status":"open","ping_status":"closed","template":"","meta":[],"product_brand":[],"product_cat":[48],"product_tag":[],"class_list":{"0":"post-1026","1":"product","2":"type-product","3":"status-publish","4":"has-post-thumbnail","6":"product_cat-whiskey","8":"first","9":"instock","10":"shipping-taxable","11":"purchasable","12":"product-type-simple"},"_links":{"self":[{"href":"https:\/\/espirita.store\/index.php?rest_route=\/wp\/v2\/product\/1026","targetHints":{"allow":["GET"]}}],"collection":[{"href":"https:\/\/espirita.store\/index.php?rest_route=\/wp\/v2\/product"}],"about":[{"href":"https:\/\/espirita.store\/index.php?rest_route=\/wp\/v2\/types\/product"}],"replies":[{"embeddable":true,"href":"https:\/\/espirita.store\/index.php?rest_route=%2Fwp%2Fv2%2Fcomments&post=1026"}],"wp:featuredmedia":[{"embeddable":true,"href":"https:\/\/espirita.store\/index.php?rest_route=\/wp\/v2\/media\/1027"}],"wp:attachment":[{"href":"https:\/\/espirita.store\/index.php?rest_route=%2Fwp%2Fv2%2Fmedia&parent=1026"}],"wp:term":[{"taxonomy":"product_brand","embeddable":true,"href":"https:\/\/espirita.store\/index.php?rest_route=%2Fwp%2Fv2%2Fproduct_brand&post=1026"},{"taxonomy":"product_cat","embeddable":true,"href":"https:\/\/espirita.store\/index.php?rest_route=%2Fwp%2Fv2%2Fproduct_cat&post=1026"},{"taxonomy":"product_tag","embeddable":true,"href":"https:\/\/espirita.store\/index.php?rest_route=%2Fwp%2Fv2%2Fproduct_tag&post=1026"}],"curies":[{"name":"wp","href":"https:\/\/api.w.org\/{rel}","templated":true}]}}