{"id":1024,"date":"2025-09-25T21:41:41","date_gmt":"2025-09-25T20:41:41","guid":{"rendered":"https:\/\/espirita.store\/?post_type=product&#038;p=1024"},"modified":"2025-10-17T23:33:43","modified_gmt":"2025-10-17T22:33:43","slug":"stella-rosa-cranberry","status":"publish","type":"product","link":"https:\/\/espirita.store\/?product=stella-rosa-cranberry","title":{"rendered":"Stella Rosa Cranberry"},"content":{"rendered":"<p style=\"text-align: center\" data-start=\"143\" data-end=\"211\"><strong data-start=\"143\" data-end=\"152\">Tipo:<\/strong> Vino tinto semi-dulce y semi-espumoso con sabor a ar\u00e1ndano<\/p>\n<p style=\"text-align: center\" data-start=\"214\" data-end=\"249\"><strong data-start=\"214\" data-end=\"246\">Graduaci\u00f3n alcoh\u00f3lica (ABV):<\/strong> 5%<\/p>\n<p style=\"text-align: center\" data-start=\"252\" data-end=\"270\"><strong data-start=\"252\" data-end=\"263\">Origen:<\/strong> Italia<\/p>\n<p style=\"text-align: center\" data-start=\"466\" data-end=\"649\"><strong data-start=\"466\" data-end=\"484\">Notas de cata:<\/strong> Perfil afrutado y floral con un sorprendente regusto dulce y \u00e1cido, lo que lo hace refrescante y equilibrado al mismo tiempo<\/p>\n<p style=\"text-align: center\" data-start=\"466\" data-end=\"649\"><strong data-start=\"664\" data-end=\"690\">Maridajes recomendados<\/strong><\/p>\n<p style=\"text-align: center\" data-start=\"694\" data-end=\"833\"><strong data-start=\"694\" data-end=\"706\">Comidas:<\/strong> Pollo asado, ensaladas de frutas, queso Brie, postres como tartas o pasteles de frutas<\/p>\n<p style=\"text-align: center\" data-start=\"836\" data-end=\"963\"><strong data-start=\"836\" data-end=\"864\">Sugerencias adicionales:<\/strong> Ideal para acompa\u00f1ar sorbetes, scones y pasteles volteados<\/p>\n","protected":false},"excerpt":{"rendered":"<p>Tipo: Vino tinto semi-dulce y semi-espumoso con sabor a ar\u00e1ndano Graduaci\u00f3n alcoh\u00f3lica (ABV): 5% Origen: Italia Notas de cata: Perfil afrutado y floral con un sorprendente regusto dulce y \u00e1cido, lo que lo hace refrescante y equilibrado al mismo tiempo Maridajes recomendados Comidas: Pollo asado, ensaladas de frutas, queso Brie, postres como tartas o pasteles [&hellip;]<\/p>\n","protected":false},"featured_media":1025,"comment_status":"open","ping_status":"closed","template":"","meta":[],"product_brand":[],"product_cat":[44],"product_tag":[],"class_list":{"0":"post-1024","1":"product","2":"type-product","3":"status-publish","4":"has-post-thumbnail","6":"product_cat-vino-rosado","8":"first","9":"instock","10":"shipping-taxable","11":"purchasable","12":"product-type-simple"},"_links":{"self":[{"href":"https:\/\/espirita.store\/index.php?rest_route=\/wp\/v2\/product\/1024","targetHints":{"allow":["GET"]}}],"collection":[{"href":"https:\/\/espirita.store\/index.php?rest_route=\/wp\/v2\/product"}],"about":[{"href":"https:\/\/espirita.store\/index.php?rest_route=\/wp\/v2\/types\/product"}],"replies":[{"embeddable":true,"href":"https:\/\/espirita.store\/index.php?rest_route=%2Fwp%2Fv2%2Fcomments&post=1024"}],"wp:featuredmedia":[{"embeddable":true,"href":"https:\/\/espirita.store\/index.php?rest_route=\/wp\/v2\/media\/1025"}],"wp:attachment":[{"href":"https:\/\/espirita.store\/index.php?rest_route=%2Fwp%2Fv2%2Fmedia&parent=1024"}],"wp:term":[{"taxonomy":"product_brand","embeddable":true,"href":"https:\/\/espirita.store\/index.php?rest_route=%2Fwp%2Fv2%2Fproduct_brand&post=1024"},{"taxonomy":"product_cat","embeddable":true,"href":"https:\/\/espirita.store\/index.php?rest_route=%2Fwp%2Fv2%2Fproduct_cat&post=1024"},{"taxonomy":"product_tag","embeddable":true,"href":"https:\/\/espirita.store\/index.php?rest_route=%2Fwp%2Fv2%2Fproduct_tag&post=1024"}],"curies":[{"name":"wp","href":"https:\/\/api.w.org\/{rel}","templated":true}]}}