{"id":1018,"date":"2025-09-25T21:28:25","date_gmt":"2025-09-25T20:28:25","guid":{"rendered":"https:\/\/espirita.store\/?post_type=product&#038;p=1018"},"modified":"2025-09-25T21:28:25","modified_gmt":"2025-09-25T20:28:25","slug":"rumchata-cream-liqueur","status":"publish","type":"product","link":"https:\/\/espirita.store\/?product=rumchata-cream-liqueur","title":{"rendered":"RumChata Cream Liqueur"},"content":{"rendered":"<p style=\"text-align: center\">\n<p style=\"text-align: center\" data-start=\"289\" data-end=\"459\">Es un licor cremoso inspirado en la horchata, mezcla de crema l\u00e1ctea real, vainilla, canela y ron caribe\u00f1o destilado varias veces.<\/p>\n<p style=\"text-align: center\" data-start=\"462\" data-end=\"646\">Tiene una textura suave, dulce y cremosa, con fuerte presencia de sabores c\u00e1lidos como canela y vainilla, m\u00e1s el toque alcoh\u00f3lico suave del ron.<\/p>\n<p style=\"text-align: center\" data-start=\"649\" data-end=\"770\">Se comercializa en botellas peque\u00f1as de 50 ml, ideal para degustar o para llevar.<\/p>\n<p style=\"text-align: center\"><strong data-start=\"777\" data-end=\"811\">Maridajes \/ usos recomendados:<\/strong><\/p>\n<p style=\"text-align: center\" data-start=\"815\" data-end=\"916\">Tomarlo solo, fr\u00edo, o con hielo para apreciar bien la combinaci\u00f3n de crema, ron, canela y vainilla.<\/p>\n<p style=\"text-align: center\" data-start=\"919\" data-end=\"1027\">En cocteles o combinados dulces: caf\u00e9 con licor, frapp\u00e9s, postres l\u00edquidos (tipo batidos), o sobre helado.<\/p>\n<p style=\"text-align: center\" data-start=\"1030\" data-end=\"1117\">Puede usarse en recetas de postres: flanes, pasteles, cremas, o incluso como topping.<\/p>\n<p style=\"text-align: center\" data-start=\"1120\" data-end=\"1205\">Ideal para despu\u00e9s de la cena como digestivo dulce si te gustan los licores cremosos.<\/p>\n","protected":false},"excerpt":{"rendered":"<p>Es un licor cremoso inspirado en la horchata, mezcla de crema l\u00e1ctea real, vainilla, canela y ron caribe\u00f1o destilado varias veces. Tiene una textura suave, dulce y cremosa, con fuerte presencia de sabores c\u00e1lidos como canela y vainilla, m\u00e1s el toque alcoh\u00f3lico suave del ron. Se comercializa en botellas peque\u00f1as de 50 ml, ideal para [&hellip;]<\/p>\n","protected":false},"featured_media":1019,"comment_status":"open","ping_status":"closed","template":"","meta":[],"product_brand":[],"product_cat":[74],"product_tag":[],"class_list":{"0":"post-1018","1":"product","2":"type-product","3":"status-publish","4":"has-post-thumbnail","6":"product_cat-ron","8":"first","9":"instock","10":"shipping-taxable","11":"purchasable","12":"product-type-simple"},"_links":{"self":[{"href":"https:\/\/espirita.store\/index.php?rest_route=\/wp\/v2\/product\/1018","targetHints":{"allow":["GET"]}}],"collection":[{"href":"https:\/\/espirita.store\/index.php?rest_route=\/wp\/v2\/product"}],"about":[{"href":"https:\/\/espirita.store\/index.php?rest_route=\/wp\/v2\/types\/product"}],"replies":[{"embeddable":true,"href":"https:\/\/espirita.store\/index.php?rest_route=%2Fwp%2Fv2%2Fcomments&post=1018"}],"wp:featuredmedia":[{"embeddable":true,"href":"https:\/\/espirita.store\/index.php?rest_route=\/wp\/v2\/media\/1019"}],"wp:attachment":[{"href":"https:\/\/espirita.store\/index.php?rest_route=%2Fwp%2Fv2%2Fmedia&parent=1018"}],"wp:term":[{"taxonomy":"product_brand","embeddable":true,"href":"https:\/\/espirita.store\/index.php?rest_route=%2Fwp%2Fv2%2Fproduct_brand&post=1018"},{"taxonomy":"product_cat","embeddable":true,"href":"https:\/\/espirita.store\/index.php?rest_route=%2Fwp%2Fv2%2Fproduct_cat&post=1018"},{"taxonomy":"product_tag","embeddable":true,"href":"https:\/\/espirita.store\/index.php?rest_route=%2Fwp%2Fv2%2Fproduct_tag&post=1018"}],"curies":[{"name":"wp","href":"https:\/\/api.w.org\/{rel}","templated":true}]}}