{"id":1016,"date":"2025-09-25T21:22:00","date_gmt":"2025-09-25T20:22:00","guid":{"rendered":"https:\/\/espirita.store\/?post_type=product&#038;p=1016"},"modified":"2025-10-17T23:36:55","modified_gmt":"2025-10-17T22:36:55","slug":"exotico-blanco-tequila","status":"publish","type":"product","link":"https:\/\/espirita.store\/?product=exotico-blanco-tequila","title":{"rendered":"Exotico Blanco Tequila"},"content":{"rendered":"<p style=\"text-align: center\">750 ml<\/p>\n<p style=\"text-align: center\"><strong data-start=\"203\" data-end=\"235\">Graduaci\u00f3n alcoh\u00f3lica (ABV):<\/strong> 40 %<\/p>\n<p style=\"text-align: center\" data-start=\"314\" data-end=\"433\">Es un tequila blanco (sin a\u00f1ejamiento) hecho al <strong data-start=\"362\" data-end=\"392\">100 % con agave azul Weber<\/strong>. Se produce en los <strong data-start=\"454\" data-end=\"496\">Altos (\u201cHighlands\u201d) de Jalisco, M\u00e9xico<\/strong>.<\/p>\n<p style=\"text-align: center\" data-start=\"540\" data-end=\"652\">Aroma: agave fresco, notas herbales, pimienta negra, matices especiados. Sabor: sabor robusto de agave, con un toque picante o de calor, especias y notas herbales, algo de nuez o sabor \u201cde fruto seco \/ nuez\u201d.<\/p>\n<p style=\"text-align: center\" data-start=\"833\" data-end=\"942\">Final: calor moderado, especiado, limpio, con buen car\u00e1cter de agave.<\/p>\n<p style=\"text-align: center\"><strong data-start=\"949\" data-end=\"983\">Maridajes y usos recomendados:<\/strong><\/p>\n<p style=\"text-align: center\" data-start=\"987\" data-end=\"1110\">Perfecto para preparar <strong data-start=\"1010\" data-end=\"1024\">margaritas<\/strong>, tequila shots cl\u00e1sicos, palomas, o c\u00f3cteles donde el sabor de agave pueda brillar.<\/p>\n<p style=\"text-align: center\" data-start=\"1113\" data-end=\"1189\">Tomado solo (\u201cneat\u201d) o con hielo para apreciar sus notas herbales y agave.<\/p>\n<p style=\"text-align: center\" data-start=\"1192\" data-end=\"1309\">Acompa\u00f1ar con comidas mexicanas ligeras: ceviche, tacos de pescado, platos con salsas frescas o hierbas, guacamole.<\/p>\n<p style=\"text-align: center\" data-start=\"1312\" data-end=\"1417\">Tambi\u00e9n funciona bien en bebidas largas con c\u00edtricos, refrescos ligeros, o combinaciones con lima\/lime.<\/p>\n","protected":false},"excerpt":{"rendered":"<p>750 ml Graduaci\u00f3n alcoh\u00f3lica (ABV): 40 % Es un tequila blanco (sin a\u00f1ejamiento) hecho al 100 % con agave azul Weber. Se produce en los Altos (\u201cHighlands\u201d) de Jalisco, M\u00e9xico. Aroma: agave fresco, notas herbales, pimienta negra, matices especiados. Sabor: sabor robusto de agave, con un toque picante o de calor, especias y notas herbales, [&hellip;]<\/p>\n","protected":false},"featured_media":1017,"comment_status":"open","ping_status":"closed","template":"","meta":[],"product_brand":[],"product_cat":[57],"product_tag":[],"class_list":{"0":"post-1016","1":"product","2":"type-product","3":"status-publish","4":"has-post-thumbnail","6":"product_cat-tequila","8":"first","9":"instock","10":"shipping-taxable","11":"purchasable","12":"product-type-simple"},"_links":{"self":[{"href":"https:\/\/espirita.store\/index.php?rest_route=\/wp\/v2\/product\/1016","targetHints":{"allow":["GET"]}}],"collection":[{"href":"https:\/\/espirita.store\/index.php?rest_route=\/wp\/v2\/product"}],"about":[{"href":"https:\/\/espirita.store\/index.php?rest_route=\/wp\/v2\/types\/product"}],"replies":[{"embeddable":true,"href":"https:\/\/espirita.store\/index.php?rest_route=%2Fwp%2Fv2%2Fcomments&post=1016"}],"wp:featuredmedia":[{"embeddable":true,"href":"https:\/\/espirita.store\/index.php?rest_route=\/wp\/v2\/media\/1017"}],"wp:attachment":[{"href":"https:\/\/espirita.store\/index.php?rest_route=%2Fwp%2Fv2%2Fmedia&parent=1016"}],"wp:term":[{"taxonomy":"product_brand","embeddable":true,"href":"https:\/\/espirita.store\/index.php?rest_route=%2Fwp%2Fv2%2Fproduct_brand&post=1016"},{"taxonomy":"product_cat","embeddable":true,"href":"https:\/\/espirita.store\/index.php?rest_route=%2Fwp%2Fv2%2Fproduct_cat&post=1016"},{"taxonomy":"product_tag","embeddable":true,"href":"https:\/\/espirita.store\/index.php?rest_route=%2Fwp%2Fv2%2Fproduct_tag&post=1016"}],"curies":[{"name":"wp","href":"https:\/\/api.w.org\/{rel}","templated":true}]}}