{"id":1011,"date":"2025-09-25T21:11:58","date_gmt":"2025-09-25T20:11:58","guid":{"rendered":"https:\/\/espirita.store\/?post_type=product&#038;p=1011"},"modified":"2025-09-25T21:12:19","modified_gmt":"2025-09-25T20:12:19","slug":"bombay-sapphire-distilled-london-dry-gin","status":"publish","type":"product","link":"https:\/\/espirita.store\/?product=bombay-sapphire-distilled-london-dry-gin","title":{"rendered":"Bombay Sapphire Distilled London Dry Gin"},"content":{"rendered":"<p style=\"text-align: center\">50 ml<\/p>\n<p style=\"text-align: center\">Es una ginebra de estilo <em data-start=\"539\" data-end=\"551\">London Dry<\/em>, de origen ingl\u00e9s, destilada en la destiler\u00eda <strong data-start=\"598\" data-end=\"617\">Laverstoke Mill<\/strong>, Hampshire.<\/p>\n<p style=\"text-align: center\">Uso de <strong data-start=\"679\" data-end=\"719\">infusi\u00f3n por vapor (vapour infusion)<\/strong> para aromatizar los bot\u00e1nicos: en lugar de cocerse los ingredientes directamente en el alcohol, los vapores atraviesan una cesta de cobre donde se colocan los bot\u00e1nicos, extrayendo aromas m\u00e1s delicados y sutiles.<\/p>\n<p style=\"text-align: center\">N\u00famero de bot\u00e1nicos: utiliza <strong data-start=\"1004\" data-end=\"1012\">diez<\/strong> bot\u00e1nicos ex\u00f3ticos, cada uno cuidadosamente seleccionado: entre ellos enebro (juniper), piel de lim\u00f3n, almendras, regaliz, ra\u00edz de ang\u00e9lica, orris (ra\u00edz de iris), coriandro, casia, cubeb berries y grains of paradise.<\/p>\n<p style=\"text-align: center\">Perfil sensorial: aroma fresco con notas c\u00edtricas, herbal y floral; sabor bien equilibrado entre enebro, c\u00edtricos y especias; final limpio, seco, elegante.<\/p>\n<p style=\"text-align: center\"><strong data-start=\"1474\" data-end=\"1508\">Maridajes \/ usos recomendados:<\/strong><\/p>\n<p style=\"text-align: center\" data-start=\"1512\" data-end=\"1599\">Ideal para c\u00f3cteles cl\u00e1sicos como Gin &amp; Tonic, Negroni, Gimlet, Martini, Tom Collins.<\/p>\n<p style=\"text-align: center\" data-start=\"1602\" data-end=\"1766\">Tambi\u00e9n va muy bien con t\u00f3nicas de buena calidad, con un toque c\u00edtrico (lim\u00f3n, lima) para realzar sus notas de lim\u00f3n, o con pepino\/fresas para un twist m\u00e1s suave.<\/p>\n<p style=\"text-align: center\" data-start=\"1769\" data-end=\"1908\">Comidas ligeras: mariscos, pescados, sushi, ceviche; tambi\u00e9n platos que tienen hierbas frescas (menta, albahaca), ensaladas con c\u00edtricos.<\/p>\n<p style=\"text-align: center\" data-start=\"1911\" data-end=\"2013\">Como bebida de aperitivo: solo con hielo y una rodaja de lim\u00f3n o naranja, para apreciar sus bot\u00e1nicos.<\/p>\n","protected":false},"excerpt":{"rendered":"<p>50 ml Es una ginebra de estilo London Dry, de origen ingl\u00e9s, destilada en la destiler\u00eda Laverstoke Mill, Hampshire. Uso de infusi\u00f3n por vapor (vapour infusion) para aromatizar los bot\u00e1nicos: en lugar de cocerse los ingredientes directamente en el alcohol, los vapores atraviesan una cesta de cobre donde se colocan los bot\u00e1nicos, extrayendo aromas m\u00e1s [&hellip;]<\/p>\n","protected":false},"featured_media":1012,"comment_status":"open","ping_status":"closed","template":"","meta":[],"product_brand":[],"product_cat":[41],"product_tag":[],"class_list":{"0":"post-1011","1":"product","2":"type-product","3":"status-publish","4":"has-post-thumbnail","6":"product_cat-licor-saborizado","8":"first","9":"instock","10":"shipping-taxable","11":"purchasable","12":"product-type-simple"},"_links":{"self":[{"href":"https:\/\/espirita.store\/index.php?rest_route=\/wp\/v2\/product\/1011","targetHints":{"allow":["GET"]}}],"collection":[{"href":"https:\/\/espirita.store\/index.php?rest_route=\/wp\/v2\/product"}],"about":[{"href":"https:\/\/espirita.store\/index.php?rest_route=\/wp\/v2\/types\/product"}],"replies":[{"embeddable":true,"href":"https:\/\/espirita.store\/index.php?rest_route=%2Fwp%2Fv2%2Fcomments&post=1011"}],"wp:featuredmedia":[{"embeddable":true,"href":"https:\/\/espirita.store\/index.php?rest_route=\/wp\/v2\/media\/1012"}],"wp:attachment":[{"href":"https:\/\/espirita.store\/index.php?rest_route=%2Fwp%2Fv2%2Fmedia&parent=1011"}],"wp:term":[{"taxonomy":"product_brand","embeddable":true,"href":"https:\/\/espirita.store\/index.php?rest_route=%2Fwp%2Fv2%2Fproduct_brand&post=1011"},{"taxonomy":"product_cat","embeddable":true,"href":"https:\/\/espirita.store\/index.php?rest_route=%2Fwp%2Fv2%2Fproduct_cat&post=1011"},{"taxonomy":"product_tag","embeddable":true,"href":"https:\/\/espirita.store\/index.php?rest_route=%2Fwp%2Fv2%2Fproduct_tag&post=1011"}],"curies":[{"name":"wp","href":"https:\/\/api.w.org\/{rel}","templated":true}]}}