{"id":1009,"date":"2025-09-25T21:05:46","date_gmt":"2025-09-25T20:05:46","guid":{"rendered":"https:\/\/espirita.store\/?post_type=product&#038;p=1009"},"modified":"2025-09-25T21:05:46","modified_gmt":"2025-09-25T20:05:46","slug":"amaretto-di-toscana-gabriello-santoni","status":"publish","type":"product","link":"https:\/\/espirita.store\/?product=amaretto-di-toscana-gabriello-santoni","title":{"rendered":"Amaretto di Toscana Gabriello Santoni"},"content":{"rendered":"<p style=\"text-align: center\">50 ml<\/p>\n<p style=\"text-align: center\"><strong data-start=\"384\" data-end=\"416\">Porcentaje alcoh\u00f3lico (ABV):<\/strong> 28 %<\/p>\n<p style=\"text-align: center\">Tipo de licor amaretto italiano elaborado por Gabriello Santoni, en Toscana<\/p>\n<p style=\"text-align: center\">Est\u00e1 hecho con aceite de almendra (y otras hierbas y especias arom\u00e1ticas) que aportan ese sabor dulce\u2010amargo y el aroma caracter\u00edstico de almendra<\/p>\n<p style=\"text-align: center\">Color marr\u00f3n con matices rosados o \u00e1mbar (seg\u00fan la ficha), apariencia brillante<\/p>\n<p style=\"text-align: center\">Sabor: dulce\u2010amargo, con retrogusto de almendra. Se recomienda servir a unos 8 \u00b0C, solo, con hielo o como ingrediente en c\u00f3cteles.<\/p>\n<p style=\"text-align: center\"><strong data-start=\"1106\" data-end=\"1140\">Maridajes y usos recomendados:<\/strong><\/p>\n<p style=\"text-align: center\" data-start=\"1144\" data-end=\"1236\">Tomarlo <strong data-start=\"1152\" data-end=\"1160\">solo<\/strong> o con hielo puede ser ideal para apreciar plenamente su sabor a almendra.<\/p>\n<p style=\"text-align: center\" data-start=\"1239\" data-end=\"1292\">Como digestivo despu\u00e9s de comidas dulces o pesadas.<\/p>\n<p style=\"text-align: center\" data-start=\"1295\" data-end=\"1382\">Usarlo en <strong data-start=\"1305\" data-end=\"1339\">cocteles cl\u00e1sicos con amaretto<\/strong>, como Amaretto Sour, o mezclas con caf\u00e9.<\/p>\n<p style=\"text-align: center\" data-start=\"1385\" data-end=\"1474\">Acompa\u00f1ando postres: gelatos, pasteles de vainilla o chocolate, tiramis\u00fa, fruta fresca.<\/p>\n<p style=\"text-align: center\" data-start=\"1477\" data-end=\"1566\">Tambi\u00e9n puede funcionar bien en rellenos o salsas dulces que lleven un toque de almendra.<\/p>\n","protected":false},"excerpt":{"rendered":"<p>50 ml Porcentaje alcoh\u00f3lico (ABV): 28 % Tipo de licor amaretto italiano elaborado por Gabriello Santoni, en Toscana Est\u00e1 hecho con aceite de almendra (y otras hierbas y especias arom\u00e1ticas) que aportan ese sabor dulce\u2010amargo y el aroma caracter\u00edstico de almendra Color marr\u00f3n con matices rosados o \u00e1mbar (seg\u00fan la ficha), apariencia brillante Sabor: dulce\u2010amargo, [&hellip;]<\/p>\n","protected":false},"featured_media":1010,"comment_status":"open","ping_status":"closed","template":"","meta":[],"product_brand":[],"product_cat":[41],"product_tag":[],"class_list":{"0":"post-1009","1":"product","2":"type-product","3":"status-publish","4":"has-post-thumbnail","6":"product_cat-licor-saborizado","8":"first","9":"instock","10":"shipping-taxable","11":"purchasable","12":"product-type-simple"},"_links":{"self":[{"href":"https:\/\/espirita.store\/index.php?rest_route=\/wp\/v2\/product\/1009","targetHints":{"allow":["GET"]}}],"collection":[{"href":"https:\/\/espirita.store\/index.php?rest_route=\/wp\/v2\/product"}],"about":[{"href":"https:\/\/espirita.store\/index.php?rest_route=\/wp\/v2\/types\/product"}],"replies":[{"embeddable":true,"href":"https:\/\/espirita.store\/index.php?rest_route=%2Fwp%2Fv2%2Fcomments&post=1009"}],"wp:featuredmedia":[{"embeddable":true,"href":"https:\/\/espirita.store\/index.php?rest_route=\/wp\/v2\/media\/1010"}],"wp:attachment":[{"href":"https:\/\/espirita.store\/index.php?rest_route=%2Fwp%2Fv2%2Fmedia&parent=1009"}],"wp:term":[{"taxonomy":"product_brand","embeddable":true,"href":"https:\/\/espirita.store\/index.php?rest_route=%2Fwp%2Fv2%2Fproduct_brand&post=1009"},{"taxonomy":"product_cat","embeddable":true,"href":"https:\/\/espirita.store\/index.php?rest_route=%2Fwp%2Fv2%2Fproduct_cat&post=1009"},{"taxonomy":"product_tag","embeddable":true,"href":"https:\/\/espirita.store\/index.php?rest_route=%2Fwp%2Fv2%2Fproduct_tag&post=1009"}],"curies":[{"name":"wp","href":"https:\/\/api.w.org\/{rel}","templated":true}]}}