{"id":1005,"date":"2025-09-25T20:47:26","date_gmt":"2025-09-25T19:47:26","guid":{"rendered":"https:\/\/espirita.store\/?post_type=product&#038;p=1005"},"modified":"2025-10-17T23:48:36","modified_gmt":"2025-10-17T22:48:36","slug":"placido-moscato-dasti-docg","status":"publish","type":"product","link":"https:\/\/espirita.store\/?product=placido-moscato-dasti-docg","title":{"rendered":"Placido Moscato d\u2019Asti DOCG"},"content":{"rendered":"<p style=\"text-align: center\"><strong data-start=\"408\" data-end=\"419\">5 % ABV<\/strong><\/p>\n<p style=\"text-align: center\">Es un vino espumoso blanco dulce de Italia, bajo en alcohol, elaborado con la uva <strong data-start=\"595\" data-end=\"613\">Moscato bianco<\/strong> en la regi\u00f3n de <strong data-start=\"630\" data-end=\"638\">Asti<\/strong>, Piamonte.<\/p>\n<p style=\"text-align: center\">Ofrece aromas intensos y frutales t\u00edpicos de Moscato: melocot\u00f3n, c\u00edtricos, flores blancas, toques de miel.<\/p>\n<p style=\"text-align: center\">En boca es dulce, ligero, con buena acidez para equilibrar la dulzura, y una burbuja ligera (frizzante) que le da frescura.<\/p>\n<p style=\"text-align: center\">Se considera un vino de aperitivo o postre, no para envejecimiento prolongado.<\/p>\n<p style=\"text-align: center\"><strong data-start=\"1132\" data-end=\"1154\">Maridajes ideales:<\/strong><\/p>\n<p style=\"text-align: center\" data-start=\"1158\" data-end=\"1196\">Frutas frescas o ensaladas de frutas<\/p>\n<p style=\"text-align: center\" data-start=\"1199\" data-end=\"1257\">Postres ligeros: tartas de frutas, sorbetes, panna cotta<\/p>\n<p style=\"text-align: center\" data-start=\"1260\" data-end=\"1325\">Quesos suaves, especialmente quesos con notas dulces o cremosos<\/p>\n<p style=\"text-align: center\" data-start=\"1328\" data-end=\"1358\">Postres con almendras o miel<\/p>\n<p style=\"text-align: center\" data-start=\"1361\" data-end=\"1424\">Tambi\u00e9n puede acompa\u00f1ar reposter\u00eda ligera o pasteles de fruta<\/p>\n","protected":false},"excerpt":{"rendered":"<p>5 % ABV Es un vino espumoso blanco dulce de Italia, bajo en alcohol, elaborado con la uva Moscato bianco en la regi\u00f3n de Asti, Piamonte. Ofrece aromas intensos y frutales t\u00edpicos de Moscato: melocot\u00f3n, c\u00edtricos, flores blancas, toques de miel. En boca es dulce, ligero, con buena acidez para equilibrar la dulzura, y una [&hellip;]<\/p>\n","protected":false},"featured_media":1006,"comment_status":"open","ping_status":"closed","template":"","meta":[],"product_brand":[],"product_cat":[30],"product_tag":[],"class_list":{"0":"post-1005","1":"product","2":"type-product","3":"status-publish","4":"has-post-thumbnail","6":"product_cat-vino-blanco","8":"first","9":"instock","10":"shipping-taxable","11":"purchasable","12":"product-type-simple"},"_links":{"self":[{"href":"https:\/\/espirita.store\/index.php?rest_route=\/wp\/v2\/product\/1005","targetHints":{"allow":["GET"]}}],"collection":[{"href":"https:\/\/espirita.store\/index.php?rest_route=\/wp\/v2\/product"}],"about":[{"href":"https:\/\/espirita.store\/index.php?rest_route=\/wp\/v2\/types\/product"}],"replies":[{"embeddable":true,"href":"https:\/\/espirita.store\/index.php?rest_route=%2Fwp%2Fv2%2Fcomments&post=1005"}],"wp:featuredmedia":[{"embeddable":true,"href":"https:\/\/espirita.store\/index.php?rest_route=\/wp\/v2\/media\/1006"}],"wp:attachment":[{"href":"https:\/\/espirita.store\/index.php?rest_route=%2Fwp%2Fv2%2Fmedia&parent=1005"}],"wp:term":[{"taxonomy":"product_brand","embeddable":true,"href":"https:\/\/espirita.store\/index.php?rest_route=%2Fwp%2Fv2%2Fproduct_brand&post=1005"},{"taxonomy":"product_cat","embeddable":true,"href":"https:\/\/espirita.store\/index.php?rest_route=%2Fwp%2Fv2%2Fproduct_cat&post=1005"},{"taxonomy":"product_tag","embeddable":true,"href":"https:\/\/espirita.store\/index.php?rest_route=%2Fwp%2Fv2%2Fproduct_tag&post=1005"}],"curies":[{"name":"wp","href":"https:\/\/api.w.org\/{rel}","templated":true}]}}