{"id":1003,"date":"2025-09-25T20:41:13","date_gmt":"2025-09-25T19:41:13","guid":{"rendered":"https:\/\/espirita.store\/?post_type=product&#038;p=1003"},"modified":"2025-09-25T20:41:13","modified_gmt":"2025-09-25T19:41:13","slug":"casamigos-jalapeno-blanco-tequila-2","status":"publish","type":"product","link":"https:\/\/espirita.store\/?product=casamigos-jalapeno-blanco-tequila-2","title":{"rendered":"Casamigos Jalape\u00f1o Blanco Tequila"},"content":{"rendered":"<p style=\"text-align: center\">1 L<\/p>\n<p style=\"text-align: center\">40% alc. vol.<\/p>\n<p style=\"text-align: center\">Tequila infusionado con jalape\u00f1o, de sabor fresco y picante, elaborado con agave 100% azul.<\/p>\n<p style=\"text-align: center\">Casamigos Jalape\u00f1o Blanco es una edici\u00f3n innovadora dentro de la l\u00ednea de tequilas Casamigos, reconocida por su suavidad. Combina la frescura del tequila blanco con una infusi\u00f3n natural de jalape\u00f1os, que aporta notas especiadas, herbales y un picante equilibrado que realza la experiencia. Su destilaci\u00f3n se realiza en peque\u00f1os lotes en Jalisco, M\u00e9xico, respetando procesos artesanales.<\/p>\n<p style=\"text-align: center\"><br data-start=\"694\" data-end=\"697\" \/><strong data-start=\"697\" data-end=\"711\">Maridajes:<\/strong> Ideal para cocteles como margaritas picantes, palomas o mezclas con jugo de pi\u00f1a y lim\u00f3n. Combina muy bien con ceviches, tacos de pescado, carnes a la parrilla, sushi y platillos con toques ahumados o picantes.<\/p>\n","protected":false},"excerpt":{"rendered":"<p>1 L 40% alc. vol. Tequila infusionado con jalape\u00f1o, de sabor fresco y picante, elaborado con agave 100% azul. Casamigos Jalape\u00f1o Blanco es una edici\u00f3n innovadora dentro de la l\u00ednea de tequilas Casamigos, reconocida por su suavidad. Combina la frescura del tequila blanco con una infusi\u00f3n natural de jalape\u00f1os, que aporta notas especiadas, herbales y [&hellip;]<\/p>\n","protected":false},"featured_media":1004,"comment_status":"open","ping_status":"closed","template":"","meta":[],"product_brand":[],"product_cat":[57],"product_tag":[],"class_list":{"0":"post-1003","1":"product","2":"type-product","3":"status-publish","4":"has-post-thumbnail","6":"product_cat-tequila","8":"first","9":"instock","10":"shipping-taxable","11":"product-type-simple"},"_links":{"self":[{"href":"https:\/\/espirita.store\/index.php?rest_route=\/wp\/v2\/product\/1003","targetHints":{"allow":["GET"]}}],"collection":[{"href":"https:\/\/espirita.store\/index.php?rest_route=\/wp\/v2\/product"}],"about":[{"href":"https:\/\/espirita.store\/index.php?rest_route=\/wp\/v2\/types\/product"}],"replies":[{"embeddable":true,"href":"https:\/\/espirita.store\/index.php?rest_route=%2Fwp%2Fv2%2Fcomments&post=1003"}],"wp:featuredmedia":[{"embeddable":true,"href":"https:\/\/espirita.store\/index.php?rest_route=\/wp\/v2\/media\/1004"}],"wp:attachment":[{"href":"https:\/\/espirita.store\/index.php?rest_route=%2Fwp%2Fv2%2Fmedia&parent=1003"}],"wp:term":[{"taxonomy":"product_brand","embeddable":true,"href":"https:\/\/espirita.store\/index.php?rest_route=%2Fwp%2Fv2%2Fproduct_brand&post=1003"},{"taxonomy":"product_cat","embeddable":true,"href":"https:\/\/espirita.store\/index.php?rest_route=%2Fwp%2Fv2%2Fproduct_cat&post=1003"},{"taxonomy":"product_tag","embeddable":true,"href":"https:\/\/espirita.store\/index.php?rest_route=%2Fwp%2Fv2%2Fproduct_tag&post=1003"}],"curies":[{"name":"wp","href":"https:\/\/api.w.org\/{rel}","templated":true}]}}