{"id":89,"date":"2024-01-17T18:35:13","date_gmt":"2024-01-17T18:35:13","guid":{"rendered":"https:\/\/espirita.store\/?page_id=89"},"modified":"2025-08-16T16:45:59","modified_gmt":"2025-08-16T15:45:59","slug":"about-us","status":"publish","type":"page","link":"https:\/\/espirita.store\/?page_id=89","title":{"rendered":"About Us"},"content":{"rendered":"\t\t<div data-elementor-type=\"wp-page\" data-elementor-id=\"89\" class=\"elementor elementor-89\" data-elementor-post-type=\"page\">\n\t\t\t\t<div class=\"elementor-element elementor-element-79c89ca4 e-con-full e-flex e-con e-parent\" data-id=\"79c89ca4\" data-element_type=\"container\">\n\t\t\t\t<div class=\"elementor-element elementor-element-2099681 elementor-widget elementor-widget-image\" data-id=\"2099681\" data-element_type=\"widget\" data-widget_type=\"image.default\">\n\t\t\t\t<div class=\"elementor-widget-container\">\n\t\t\t\t\t\t\t\t\t\t\t\t\t\t\t<img fetchpriority=\"high\" decoding=\"async\" width=\"819\" height=\"1024\" src=\"https:\/\/espirita.store\/wp-content\/uploads\/2025\/08\/mision-819x1024.jpg\" class=\"attachment-large size-large wp-image-781\" alt=\"\" srcset=\"https:\/\/espirita.store\/wp-content\/uploads\/2025\/08\/mision-819x1024.jpg 819w, https:\/\/espirita.store\/wp-content\/uploads\/2025\/08\/mision-240x300.jpg 240w, https:\/\/espirita.store\/wp-content\/uploads\/2025\/08\/mision-768x960.jpg 768w, https:\/\/espirita.store\/wp-content\/uploads\/2025\/08\/mision-600x750.jpg 600w, https:\/\/espirita.store\/wp-content\/uploads\/2025\/08\/mision.jpg 843w\" sizes=\"(max-width: 819px) 100vw, 819px\" \/>\t\t\t\t\t\t\t\t\t\t\t\t\t\t\t<\/div>\n\t\t\t\t<\/div>\n\t\t<div class=\"elementor-element elementor-element-5035c736 e-con-full e-flex e-con e-child\" data-id=\"5035c736\" data-element_type=\"container\">\n\t\t\t\t<div class=\"elementor-element elementor-element-3d4db729 elementor-invisible elementor-widget elementor-widget-heading\" data-id=\"3d4db729\" data-element_type=\"widget\" data-settings=\"{&quot;_animation&quot;:&quot;fadeIn&quot;}\" data-widget_type=\"heading.default\">\n\t\t\t\t<div class=\"elementor-widget-container\">\n\t\t\t\t\t<h1 class=\"elementor-heading-title elementor-size-default\">Our Mission<\/h1>\t\t\t\t<\/div>\n\t\t\t\t<\/div>\n\t\t\t\t<div class=\"elementor-element elementor-element-195c430e elementor-invisible elementor-widget elementor-widget-text-editor\" data-id=\"195c430e\" data-element_type=\"widget\" data-settings=\"{&quot;_animation&quot;:&quot;fadeIn&quot;,&quot;_animation_delay&quot;:&quot;200&quot;}\" data-widget_type=\"text-editor.default\">\n\t\t\t\t<div class=\"elementor-widget-container\">\n\t\t\t\t\t\t\t\t\t<p>Ofrecer una cuidada selecci\u00f3n de vinos y licores exclusivos, brindando una experiencia de compra en l\u00ednea sofisticada, confiable y accesible en todo El Salvador.<\/p>\t\t\t\t\t\t\t\t<\/div>\n\t\t\t\t<\/div>\n\t\t\t\t<\/div>\n\t\t\t\t<\/div>\n\t\t<div class=\"elementor-element elementor-element-7a44fbb1 e-con-full e-flex e-con e-parent\" data-id=\"7a44fbb1\" data-element_type=\"container\">\n\t\t<div class=\"elementor-element elementor-element-76ed060e e-con-full e-flex e-con e-child\" data-id=\"76ed060e\" data-element_type=\"container\">\n\t\t\t\t<div class=\"elementor-element elementor-element-73bc8779 elementor-invisible elementor-widget elementor-widget-heading\" data-id=\"73bc8779\" data-element_type=\"widget\" data-settings=\"{&quot;_animation&quot;:&quot;fadeIn&quot;}\" data-widget_type=\"heading.default\">\n\t\t\t\t<div class=\"elementor-widget-container\">\n\t\t\t\t\t<h2 class=\"elementor-heading-title elementor-size-default\">Our Vision<\/h2>\t\t\t\t<\/div>\n\t\t\t\t<\/div>\n\t\t\t\t<div class=\"elementor-element elementor-element-1ca15cec elementor-invisible elementor-widget elementor-widget-text-editor\" data-id=\"1ca15cec\" data-element_type=\"widget\" data-settings=\"{&quot;_animation&quot;:&quot;fadeIn&quot;,&quot;_animation_delay&quot;:&quot;200&quot;}\" data-widget_type=\"text-editor.default\">\n\t\t\t\t<div class=\"elementor-widget-container\">\n\t\t\t\t\t\t\t\t\t<p>Ser la referencia nacional en vinos y licores premium, conectando a cada cliente con momentos \u00fanicos a trav\u00e9s de productos de calidad y un servicio\u00a0excepcional.<\/p>\t\t\t\t\t\t\t\t<\/div>\n\t\t\t\t<\/div>\n\t\t\t\t<\/div>\n\t\t<div class=\"elementor-element elementor-element-4fe796fe e-con-full e-flex e-con e-child\" data-id=\"4fe796fe\" data-element_type=\"container\" data-settings=\"{&quot;background_background&quot;:&quot;classic&quot;}\">\n\t\t\t\t<div class=\"elementor-element elementor-element-6ae1865 elementor-widget elementor-widget-image\" data-id=\"6ae1865\" data-element_type=\"widget\" data-widget_type=\"image.default\">\n\t\t\t\t<div class=\"elementor-widget-container\">\n\t\t\t\t\t\t\t\t\t\t\t\t\t\t\t<img decoding=\"async\" width=\"819\" height=\"1024\" src=\"https:\/\/espirita.store\/wp-content\/uploads\/2025\/08\/vision-1-819x1024.jpg\" class=\"attachment-large size-large wp-image-780\" alt=\"\" srcset=\"https:\/\/espirita.store\/wp-content\/uploads\/2025\/08\/vision-1-819x1024.jpg 819w, https:\/\/espirita.store\/wp-content\/uploads\/2025\/08\/vision-1-240x300.jpg 240w, https:\/\/espirita.store\/wp-content\/uploads\/2025\/08\/vision-1-768x960.jpg 768w, https:\/\/espirita.store\/wp-content\/uploads\/2025\/08\/vision-1-600x750.jpg 600w, https:\/\/espirita.store\/wp-content\/uploads\/2025\/08\/vision-1.jpg 843w\" sizes=\"(max-width: 819px) 100vw, 819px\" \/>\t\t\t\t\t\t\t\t\t\t\t\t\t\t\t<\/div>\n\t\t\t\t<\/div>\n\t\t\t\t<\/div>\n\t\t\t\t<\/div>\n\t\t<div class=\"elementor-element elementor-element-72fc39c7 e-flex e-con-boxed e-con e-parent\" data-id=\"72fc39c7\" data-element_type=\"container\" data-settings=\"{&quot;background_background&quot;:&quot;classic&quot;}\">\n\t\t\t\t\t<div class=\"e-con-inner\">\n\t\t\t\t<div class=\"elementor-element elementor-element-3bc186f5 elementor-view-default elementor-position-top elementor-mobile-position-top elementor-widget elementor-widget-icon-box\" data-id=\"3bc186f5\" data-element_type=\"widget\" data-widget_type=\"icon-box.default\">\n\t\t\t\t<div class=\"elementor-widget-container\">\n\t\t\t\t\t\t\t<div class=\"elementor-icon-box-wrapper\">\n\n\t\t\t\t\t\t<div class=\"elementor-icon-box-icon\">\n\t\t\t\t<span  class=\"elementor-icon\">\n\t\t\t\t<svg xmlns=\"http:\/\/www.w3.org\/2000\/svg\" viewBox=\"0 0 114 79\"><path d=\"M55.868 79 88.427.735h25.159L92.126 79H55.869ZM0 78.265 32.559 0h25.159l-21.46 78.265H0Z\"><\/path><\/svg>\t\t\t\t<\/span>\n\t\t\t<\/div>\n\t\t\t\n\t\t\t\t\t\t<div class=\"elementor-icon-box-content\">\n\n\t\t\t\t\t\t\t\t\t<h3 class=\"elementor-icon-box-title\">\n\t\t\t\t\t\t<span  >\n\t\t\t\t\t\t\t\u201cCada botella que ofrecemos ha sido cuidadosamente seleccionada para asegurar calidad y sabor excepcionales.\u201d\t\t\t\t\t\t<\/span>\n\t\t\t\t\t<\/h3>\n\t\t\t\t\n\t\t\t\t\t\t\t\t\t<p class=\"elementor-icon-box-description\">\n\t\t\t\t\t\tEspirit\u00e1\t\t\t\t\t<\/p>\n\t\t\t\t\n\t\t\t<\/div>\n\t\t\t\n\t\t<\/div>\n\t\t\t\t\t\t<\/div>\n\t\t\t\t<\/div>\n\t\t\t\t\t<\/div>\n\t\t\t\t<\/div>\n\t\t<div class=\"elementor-element elementor-element-8907925 e-con-full e-flex e-con e-parent\" data-id=\"8907925\" data-element_type=\"container\">\n\t\t<div class=\"elementor-element elementor-element-7e2a8cce e-con-full e-flex e-con e-child\" data-id=\"7e2a8cce\" data-element_type=\"container\">\n\t\t\t\t<div class=\"elementor-element elementor-element-4aac7609 elementor-invisible elementor-widget elementor-widget-image\" data-id=\"4aac7609\" data-element_type=\"widget\" data-settings=\"{&quot;_animation&quot;:&quot;fadeIn&quot;}\" data-widget_type=\"image.default\">\n\t\t\t\t<div class=\"elementor-widget-container\">\n\t\t\t\t\t\t\t\t\t\t\t\t\t\t\t<img decoding=\"async\" width=\"819\" height=\"1024\" src=\"https:\/\/espirita.store\/wp-content\/uploads\/2025\/08\/IMG-20250815-WA0021-819x1024.jpg\" class=\"attachment-large size-large wp-image-784\" alt=\"\" srcset=\"https:\/\/espirita.store\/wp-content\/uploads\/2025\/08\/IMG-20250815-WA0021-819x1024.jpg 819w, https:\/\/espirita.store\/wp-content\/uploads\/2025\/08\/IMG-20250815-WA0021-240x300.jpg 240w, https:\/\/espirita.store\/wp-content\/uploads\/2025\/08\/IMG-20250815-WA0021-768x960.jpg 768w, https:\/\/espirita.store\/wp-content\/uploads\/2025\/08\/IMG-20250815-WA0021-1228x1536.jpg 1228w, https:\/\/espirita.store\/wp-content\/uploads\/2025\/08\/IMG-20250815-WA0021-1638x2048.jpg 1638w, https:\/\/espirita.store\/wp-content\/uploads\/2025\/08\/IMG-20250815-WA0021-600x750.jpg 600w, https:\/\/espirita.store\/wp-content\/uploads\/2025\/08\/IMG-20250815-WA0021-scaled.jpg 2047w\" sizes=\"(max-width: 819px) 100vw, 819px\" \/>\t\t\t\t\t\t\t\t\t\t\t\t\t\t\t<\/div>\n\t\t\t\t<\/div>\n\t\t\t\t<div class=\"elementor-element elementor-element-53249df9 elementor-widget__width-auto elementor-absolute elementor-invisible elementor-widget elementor-widget-image\" data-id=\"53249df9\" data-element_type=\"widget\" data-settings=\"{&quot;_position&quot;:&quot;absolute&quot;,&quot;_animation&quot;:&quot;fadeIn&quot;,&quot;_animation_delay&quot;:&quot;200&quot;}\" data-widget_type=\"image.default\">\n\t\t\t\t<div class=\"elementor-widget-container\">\n\t\t\t\t\t\t\t\t\t\t\t\t\t\t\t<img loading=\"lazy\" decoding=\"async\" width=\"819\" height=\"1024\" src=\"https:\/\/espirita.store\/wp-content\/uploads\/2025\/08\/IMG-20250815-WA0018-819x1024.jpg\" class=\"attachment-large size-large wp-image-786\" alt=\"\" srcset=\"https:\/\/espirita.store\/wp-content\/uploads\/2025\/08\/IMG-20250815-WA0018-819x1024.jpg 819w, https:\/\/espirita.store\/wp-content\/uploads\/2025\/08\/IMG-20250815-WA0018-240x300.jpg 240w, https:\/\/espirita.store\/wp-content\/uploads\/2025\/08\/IMG-20250815-WA0018-768x960.jpg 768w, https:\/\/espirita.store\/wp-content\/uploads\/2025\/08\/IMG-20250815-WA0018-1228x1536.jpg 1228w, https:\/\/espirita.store\/wp-content\/uploads\/2025\/08\/IMG-20250815-WA0018-1638x2048.jpg 1638w, https:\/\/espirita.store\/wp-content\/uploads\/2025\/08\/IMG-20250815-WA0018-600x750.jpg 600w, https:\/\/espirita.store\/wp-content\/uploads\/2025\/08\/IMG-20250815-WA0018-scaled.jpg 2047w\" sizes=\"(max-width: 819px) 100vw, 819px\" \/>\t\t\t\t\t\t\t\t\t\t\t\t\t\t\t<\/div>\n\t\t\t\t<\/div>\n\t\t\t\t<\/div>\n\t\t<div class=\"elementor-element elementor-element-213ca6fc e-con-full e-flex e-con e-child\" data-id=\"213ca6fc\" data-element_type=\"container\">\n\t\t\t\t<div class=\"elementor-element elementor-element-20f0b79a elementor-widget-tablet__width-inherit elementor-invisible elementor-widget elementor-widget-heading\" data-id=\"20f0b79a\" data-element_type=\"widget\" data-settings=\"{&quot;_animation&quot;:&quot;fadeIn&quot;}\" data-widget_type=\"heading.default\">\n\t\t\t\t<div class=\"elementor-widget-container\">\n\t\t\t\t\t<h2 class=\"elementor-heading-title elementor-size-default\">Customer Reviews<\/h2>\t\t\t\t<\/div>\n\t\t\t\t<\/div>\n\t\t\t\t<div class=\"elementor-element elementor-element-6f6e8a54 elementor-widget-tablet__width-initial elementor-widget-mobile__width-inherit elementor-invisible elementor-widget elementor-widget-testimonial\" data-id=\"6f6e8a54\" data-element_type=\"widget\" data-settings=\"{&quot;_animation&quot;:&quot;fadeIn&quot;,&quot;_animation_delay&quot;:&quot;200&quot;}\" data-widget_type=\"testimonial.default\">\n\t\t\t\t<div class=\"elementor-widget-container\">\n\t\t\t\t\t\t\t<div class=\"elementor-testimonial-wrapper\">\n\t\t\t\t\t\t\t<div class=\"elementor-testimonial-content\">\"La experiencia de compra fue excelente. El cat\u00e1logo es muy variado y encontr\u00e9 justo el vino que buscaba para una cena especial. El pedido lleg\u00f3 r\u00e1pido, bien empaquetado y en perfectas condiciones. Sin duda volver\u00e9 a comprar aqu\u00ed.\"<\/div>\n\t\t\t\n\t\t\t\t\t\t<div class=\"elementor-testimonial-meta elementor-has-image elementor-testimonial-image-position-aside\">\n\t\t\t\t<div class=\"elementor-testimonial-meta-inner\">\n\t\t\t\t\t\t\t\t\t\t\t<div class=\"elementor-testimonial-image\">\n\t\t\t\t\t\t\t<img loading=\"lazy\" decoding=\"async\" width=\"512\" height=\"512\" src=\"https:\/\/espirita.store\/wp-content\/uploads\/2025\/08\/usuario-cabello-salmonete.png\" class=\"attachment-full size-full wp-image-782\" alt=\"\" srcset=\"https:\/\/espirita.store\/wp-content\/uploads\/2025\/08\/usuario-cabello-salmonete.png 512w, https:\/\/espirita.store\/wp-content\/uploads\/2025\/08\/usuario-cabello-salmonete-300x300.png 300w, https:\/\/espirita.store\/wp-content\/uploads\/2025\/08\/usuario-cabello-salmonete-150x150.png 150w, https:\/\/espirita.store\/wp-content\/uploads\/2025\/08\/usuario-cabello-salmonete-100x100.png 100w\" sizes=\"(max-width: 512px) 100vw, 512px\" \/>\t\t\t\t\t\t<\/div>\n\t\t\t\t\t\n\t\t\t\t\t\t\t\t\t\t<div class=\"elementor-testimonial-details\">\n\t\t\t\t\t\t\t\t\t\t\t\t\t\t<div class=\"elementor-testimonial-name\">Mariana G.<\/div>\n\t\t\t\t\t\t\t\t\t\t\t\t\t\t\t\t\t\t\t<\/div>\n\t\t\t\t\t\t\t\t\t<\/div>\n\t\t\t<\/div>\n\t\t\t\t\t<\/div>\n\t\t\t\t\t\t<\/div>\n\t\t\t\t<\/div>\n\t\t\t\t<div class=\"elementor-element elementor-element-6d097935 elementor-widget-tablet__width-initial elementor-widget-mobile__width-inherit elementor-invisible elementor-widget elementor-widget-testimonial\" data-id=\"6d097935\" data-element_type=\"widget\" data-settings=\"{&quot;_animation&quot;:&quot;fadeIn&quot;,&quot;_animation_delay&quot;:&quot;400&quot;}\" data-widget_type=\"testimonial.default\">\n\t\t\t\t<div class=\"elementor-widget-container\">\n\t\t\t\t\t\t\t<div class=\"elementor-testimonial-wrapper\">\n\t\t\t\t\t\t\t<div class=\"elementor-testimonial-content\">\"Me encant\u00f3 el servicio. Ped\u00ed un par de botellas de tequila para celebrar el cumplea\u00f1os de mi pareja y todo sali\u00f3 perfecto. El sabor, la presentaci\u00f3n y la rapidez de entrega superaron mis expectativas. \u00a1Los recomiendo al 100%!\"<\/div>\n\t\t\t\n\t\t\t\t\t\t<div class=\"elementor-testimonial-meta elementor-has-image elementor-testimonial-image-position-aside\">\n\t\t\t\t<div class=\"elementor-testimonial-meta-inner\">\n\t\t\t\t\t\t\t\t\t\t\t<div class=\"elementor-testimonial-image\">\n\t\t\t\t\t\t\t<img loading=\"lazy\" decoding=\"async\" width=\"512\" height=\"512\" src=\"https:\/\/espirita.store\/wp-content\/uploads\/2025\/08\/usuario-de-pelo-en-v.png\" class=\"attachment-full size-full wp-image-783\" alt=\"\" srcset=\"https:\/\/espirita.store\/wp-content\/uploads\/2025\/08\/usuario-de-pelo-en-v.png 512w, https:\/\/espirita.store\/wp-content\/uploads\/2025\/08\/usuario-de-pelo-en-v-300x300.png 300w, https:\/\/espirita.store\/wp-content\/uploads\/2025\/08\/usuario-de-pelo-en-v-150x150.png 150w, https:\/\/espirita.store\/wp-content\/uploads\/2025\/08\/usuario-de-pelo-en-v-100x100.png 100w\" sizes=\"(max-width: 512px) 100vw, 512px\" \/>\t\t\t\t\t\t<\/div>\n\t\t\t\t\t\n\t\t\t\t\t\t\t\t\t\t<div class=\"elementor-testimonial-details\">\n\t\t\t\t\t\t\t\t\t\t\t\t\t\t<div class=\"elementor-testimonial-name\">Carlos A.<\/div>\n\t\t\t\t\t\t\t\t\t\t\t\t\t\t\t\t\t\t\t<\/div>\n\t\t\t\t\t\t\t\t\t<\/div>\n\t\t\t<\/div>\n\t\t\t\t\t<\/div>\n\t\t\t\t\t\t<\/div>\n\t\t\t\t<\/div>\n\t\t\t\t<\/div>\n\t\t\t\t<\/div>\n\t\t\t\t<\/div>\n\t\t","protected":false},"excerpt":{"rendered":"<p>Our Mission Ofrecer una cuidada selecci\u00f3n de vinos y licores exclusivos, brindando una experiencia de compra en l\u00ednea sofisticada, confiable y accesible en todo El Salvador. Our Vision Ser la referencia nacional en vinos y licores premium, conectando a cada cliente con momentos \u00fanicos a trav\u00e9s de productos de calidad y un servicio\u00a0excepcional. \u201cCada botella [&hellip;]<\/p>\n","protected":false},"author":1,"featured_media":0,"parent":0,"menu_order":0,"comment_status":"closed","ping_status":"closed","template":"elementor_header_footer","meta":{"footnotes":""},"class_list":["post-89","page","type-page","status-publish","hentry"],"_links":{"self":[{"href":"https:\/\/espirita.store\/index.php?rest_route=\/wp\/v2\/pages\/89","targetHints":{"allow":["GET"]}}],"collection":[{"href":"https:\/\/espirita.store\/index.php?rest_route=\/wp\/v2\/pages"}],"about":[{"href":"https:\/\/espirita.store\/index.php?rest_route=\/wp\/v2\/types\/page"}],"author":[{"embeddable":true,"href":"https:\/\/espirita.store\/index.php?rest_route=\/wp\/v2\/users\/1"}],"replies":[{"embeddable":true,"href":"https:\/\/espirita.store\/index.php?rest_route=%2Fwp%2Fv2%2Fcomments&post=89"}],"version-history":[{"count":16,"href":"https:\/\/espirita.store\/index.php?rest_route=\/wp\/v2\/pages\/89\/revisions"}],"predecessor-version":[{"id":793,"href":"https:\/\/espirita.store\/index.php?rest_route=\/wp\/v2\/pages\/89\/revisions\/793"}],"wp:attachment":[{"href":"https:\/\/espirita.store\/index.php?rest_route=%2Fwp%2Fv2%2Fmedia&parent=89"}],"curies":[{"name":"wp","href":"https:\/\/api.w.org\/{rel}","templated":true}]}}