{"id":103,"date":"2024-01-17T18:35:17","date_gmt":"2024-01-17T18:35:17","guid":{"rendered":"https:\/\/espirita.store\/?page_id=103"},"modified":"2025-08-17T05:52:55","modified_gmt":"2025-08-17T04:52:55","slug":"sale-page","status":"publish","type":"page","link":"https:\/\/espirita.store\/?page_id=103","title":{"rendered":"Sale Page"},"content":{"rendered":"\t\t<div data-elementor-type=\"wp-page\" data-elementor-id=\"103\" class=\"elementor elementor-103\" data-elementor-post-type=\"page\">\n\t\t\t\t<div class=\"elementor-element elementor-element-7eeb292e e-con-full e-flex e-con e-parent\" data-id=\"7eeb292e\" data-element_type=\"container\">\n\t\t<div class=\"elementor-element elementor-element-9c0312c e-con-full e-flex e-con e-child\" data-id=\"9c0312c\" data-element_type=\"container\">\n\t\t\t\t<div class=\"elementor-element elementor-element-662b1fbe elementor-widget__width-initial elementor-widget elementor-widget-heading\" data-id=\"662b1fbe\" data-element_type=\"widget\" data-widget_type=\"heading.default\">\n\t\t\t\t<div class=\"elementor-widget-container\">\n\t\t\t\t\t<h1 class=\"elementor-heading-title elementor-size-default\">Sale Products<\/h1>\t\t\t\t<\/div>\n\t\t\t\t<\/div>\n\t\t\t\t<div class=\"elementor-element elementor-element-5525c1f0 elementor-widget elementor-widget-text-editor\" data-id=\"5525c1f0\" data-element_type=\"widget\" data-widget_type=\"text-editor.default\">\n\t\t\t\t<div class=\"elementor-widget-container\">\n\t\t\t\t\t\t\t\t\t<p>An introduction to your products that are currently on sale<\/p>\t\t\t\t\t\t\t\t<\/div>\n\t\t\t\t<\/div>\n\t\t\t\t<\/div>\n\t\t<div class=\"elementor-element elementor-element-4b8ce941 e-con-full e-flex e-con e-child\" data-id=\"4b8ce941\" data-element_type=\"container\" data-settings=\"{&quot;background_background&quot;:&quot;classic&quot;}\">\n\t\t\t\t<div class=\"elementor-element elementor-element-d68f675 elementor-widget elementor-widget-image\" data-id=\"d68f675\" data-element_type=\"widget\" data-widget_type=\"image.default\">\n\t\t\t\t<div class=\"elementor-widget-container\">\n\t\t\t\t\t\t\t\t\t\t\t\t\t\t\t<img fetchpriority=\"high\" decoding=\"async\" width=\"819\" height=\"1024\" src=\"https:\/\/espirita.store\/wp-content\/uploads\/2025\/08\/Imagen-de-WhatsApp-2025-08-16-a-las-14.42.49_2384069f-819x1024.jpg\" class=\"attachment-large size-large wp-image-824\" alt=\"\" srcset=\"https:\/\/espirita.store\/wp-content\/uploads\/2025\/08\/Imagen-de-WhatsApp-2025-08-16-a-las-14.42.49_2384069f-819x1024.jpg 819w, https:\/\/espirita.store\/wp-content\/uploads\/2025\/08\/Imagen-de-WhatsApp-2025-08-16-a-las-14.42.49_2384069f-240x300.jpg 240w, https:\/\/espirita.store\/wp-content\/uploads\/2025\/08\/Imagen-de-WhatsApp-2025-08-16-a-las-14.42.49_2384069f-768x960.jpg 768w, https:\/\/espirita.store\/wp-content\/uploads\/2025\/08\/Imagen-de-WhatsApp-2025-08-16-a-las-14.42.49_2384069f-600x750.jpg 600w, https:\/\/espirita.store\/wp-content\/uploads\/2025\/08\/Imagen-de-WhatsApp-2025-08-16-a-las-14.42.49_2384069f.jpg 843w\" sizes=\"(max-width: 819px) 100vw, 819px\" \/>\t\t\t\t\t\t\t\t\t\t\t\t\t\t\t<\/div>\n\t\t\t\t<\/div>\n\t\t\t\t<\/div>\n\t\t\t\t<\/div>\n\t\t<div class=\"elementor-element elementor-element-6ff099c2 e-flex e-con-boxed e-con e-parent\" data-id=\"6ff099c2\" data-element_type=\"container\">\n\t\t\t\t\t<div class=\"e-con-inner\">\n\t\t\t\t\t<\/div>\n\t\t\t\t<\/div>\n\t\t<div class=\"elementor-element elementor-element-68919cb6 e-flex e-con-boxed e-con e-parent\" data-id=\"68919cb6\" data-element_type=\"container\" data-settings=\"{&quot;background_background&quot;:&quot;classic&quot;}\">\n\t\t\t\t\t<div class=\"e-con-inner\">\n\t\t\t\t<div class=\"elementor-element elementor-element-355d78f9 elementor-widget__width-inherit elementor-widget elementor-widget-heading\" data-id=\"355d78f9\" data-element_type=\"widget\" data-widget_type=\"heading.default\">\n\t\t\t\t<div class=\"elementor-widget-container\">\n\t\t\t\t\t<h3 class=\"elementor-heading-title elementor-size-default\">Customer Reviews<\/h3>\t\t\t\t<\/div>\n\t\t\t\t<\/div>\n\t\t<div class=\"elementor-element elementor-element-6c4b0454 e-con-full e-flex e-con e-child\" data-id=\"6c4b0454\" data-element_type=\"container\">\n\t\t\t\t<div class=\"elementor-element elementor-element-73c0b49a elementor-widget__width-initial elementor-widget-mobile__width-inherit elementor-widget elementor-widget-testimonial\" data-id=\"73c0b49a\" data-element_type=\"widget\" data-widget_type=\"testimonial.default\">\n\t\t\t\t<div class=\"elementor-widget-container\">\n\t\t\t\t\t\t\t<div class=\"elementor-testimonial-wrapper\">\n\t\t\t\t\t\t\t<div class=\"elementor-testimonial-content\">\"Me encant\u00f3 la rapidez de entrega y el cuidado con que ven\u00eda mi pedido. Todo lleg\u00f3 en perfectas condiciones y listo para disfrutar. \u00a1Definitivamente volver\u00e9 a comprar aqu\u00ed!\"<\/div>\n\t\t\t\n\t\t\t\t\t\t<div class=\"elementor-testimonial-meta elementor-has-image elementor-testimonial-image-position-aside\">\n\t\t\t\t<div class=\"elementor-testimonial-meta-inner\">\n\t\t\t\t\t\t\t\t\t\t\t<div class=\"elementor-testimonial-image\">\n\t\t\t\t\t\t\t<img decoding=\"async\" width=\"512\" height=\"512\" src=\"https:\/\/espirita.store\/wp-content\/uploads\/2025\/08\/cabeza-de-mujer.png\" class=\"attachment-full size-full wp-image-811\" alt=\"\" srcset=\"https:\/\/espirita.store\/wp-content\/uploads\/2025\/08\/cabeza-de-mujer.png 512w, https:\/\/espirita.store\/wp-content\/uploads\/2025\/08\/cabeza-de-mujer-300x300.png 300w, https:\/\/espirita.store\/wp-content\/uploads\/2025\/08\/cabeza-de-mujer-150x150.png 150w, https:\/\/espirita.store\/wp-content\/uploads\/2025\/08\/cabeza-de-mujer-100x100.png 100w\" sizes=\"(max-width: 512px) 100vw, 512px\" \/>\t\t\t\t\t\t<\/div>\n\t\t\t\t\t\n\t\t\t\t\t\t\t\t\t\t<div class=\"elementor-testimonial-details\">\n\t\t\t\t\t\t\t\t\t\t\t\t\t\t<div class=\"elementor-testimonial-name\">Laura M.<\/div>\n\t\t\t\t\t\t\t\t\t\t\t\t\t\t\t\t\t\t\t<\/div>\n\t\t\t\t\t\t\t\t\t<\/div>\n\t\t\t<\/div>\n\t\t\t\t\t<\/div>\n\t\t\t\t\t\t<\/div>\n\t\t\t\t<\/div>\n\t\t\t\t<div class=\"elementor-element elementor-element-20bb5624 elementor-widget__width-initial elementor-widget-mobile__width-inherit elementor-widget elementor-widget-testimonial\" data-id=\"20bb5624\" data-element_type=\"widget\" data-widget_type=\"testimonial.default\">\n\t\t\t\t<div class=\"elementor-widget-container\">\n\t\t\t\t\t\t\t<div class=\"elementor-testimonial-wrapper\">\n\t\t\t\t\t\t\t<div class=\"elementor-testimonial-content\">\"Excelente atenci\u00f3n y productos de calidad. Ped\u00ed unas botellas de vino para una cena familiar y todos quedaron encantados. Muy recomendable.\"\n\n<\/div>\n\t\t\t\n\t\t\t\t\t\t<div class=\"elementor-testimonial-meta elementor-has-image elementor-testimonial-image-position-aside\">\n\t\t\t\t<div class=\"elementor-testimonial-meta-inner\">\n\t\t\t\t\t\t\t\t\t\t\t<div class=\"elementor-testimonial-image\">\n\t\t\t\t\t\t\t<img decoding=\"async\" width=\"512\" height=\"512\" src=\"https:\/\/espirita.store\/wp-content\/uploads\/2025\/08\/cabeza-de-hombre-1.png\" class=\"attachment-full size-full wp-image-813\" alt=\"\" srcset=\"https:\/\/espirita.store\/wp-content\/uploads\/2025\/08\/cabeza-de-hombre-1.png 512w, https:\/\/espirita.store\/wp-content\/uploads\/2025\/08\/cabeza-de-hombre-1-300x300.png 300w, https:\/\/espirita.store\/wp-content\/uploads\/2025\/08\/cabeza-de-hombre-1-150x150.png 150w, https:\/\/espirita.store\/wp-content\/uploads\/2025\/08\/cabeza-de-hombre-1-100x100.png 100w\" sizes=\"(max-width: 512px) 100vw, 512px\" \/>\t\t\t\t\t\t<\/div>\n\t\t\t\t\t\n\t\t\t\t\t\t\t\t\t\t<div class=\"elementor-testimonial-details\">\n\t\t\t\t\t\t\t\t\t\t\t\t\t\t<div class=\"elementor-testimonial-name\">Javier R.<\/div>\n\t\t\t\t\t\t\t\t\t\t\t\t\t\t\t\t\t\t\t<\/div>\n\t\t\t\t\t\t\t\t\t<\/div>\n\t\t\t<\/div>\n\t\t\t\t\t<\/div>\n\t\t\t\t\t\t<\/div>\n\t\t\t\t<\/div>\n\t\t\t\t<div class=\"elementor-element elementor-element-3d7ecb65 elementor-widget__width-initial elementor-widget-mobile__width-inherit elementor-widget elementor-widget-testimonial\" data-id=\"3d7ecb65\" data-element_type=\"widget\" data-widget_type=\"testimonial.default\">\n\t\t\t\t<div class=\"elementor-widget-container\">\n\t\t\t\t\t\t\t<div class=\"elementor-testimonial-wrapper\">\n\t\t\t\t\t\t\t<div class=\"elementor-testimonial-content\">\"La experiencia de compra fue muy sencilla y segura. Adem\u00e1s, los precios son competitivos y el cat\u00e1logo tiene mucha variedad. Me siento muy satisfecha con mi compra.\"<\/div>\n\t\t\t\n\t\t\t\t\t\t<div class=\"elementor-testimonial-meta elementor-has-image elementor-testimonial-image-position-aside\">\n\t\t\t\t<div class=\"elementor-testimonial-meta-inner\">\n\t\t\t\t\t\t\t\t\t\t\t<div class=\"elementor-testimonial-image\">\n\t\t\t\t\t\t\t<img loading=\"lazy\" decoding=\"async\" width=\"512\" height=\"512\" src=\"https:\/\/espirita.store\/wp-content\/uploads\/2025\/08\/mujer-mayor-sonriente.png\" class=\"attachment-full size-full wp-image-814\" alt=\"\" srcset=\"https:\/\/espirita.store\/wp-content\/uploads\/2025\/08\/mujer-mayor-sonriente.png 512w, https:\/\/espirita.store\/wp-content\/uploads\/2025\/08\/mujer-mayor-sonriente-300x300.png 300w, https:\/\/espirita.store\/wp-content\/uploads\/2025\/08\/mujer-mayor-sonriente-150x150.png 150w, https:\/\/espirita.store\/wp-content\/uploads\/2025\/08\/mujer-mayor-sonriente-100x100.png 100w\" sizes=\"(max-width: 512px) 100vw, 512px\" \/>\t\t\t\t\t\t<\/div>\n\t\t\t\t\t\n\t\t\t\t\t\t\t\t\t\t<div class=\"elementor-testimonial-details\">\n\t\t\t\t\t\t\t\t\t\t\t\t\t\t<div class=\"elementor-testimonial-name\">Andrea P.<\/div>\n\t\t\t\t\t\t\t\t\t\t\t\t\t\t\t\t\t\t\t<\/div>\n\t\t\t\t\t\t\t\t\t<\/div>\n\t\t\t<\/div>\n\t\t\t\t\t<\/div>\n\t\t\t\t\t\t<\/div>\n\t\t\t\t<\/div>\n\t\t\t\t<\/div>\n\t\t\t\t\t<\/div>\n\t\t\t\t<\/div>\n\t\t\t\t<\/div>\n\t\t","protected":false},"excerpt":{"rendered":"<p>Sale Products An introduction to your products that are currently on sale Customer Reviews &#8220;Me encant\u00f3 la rapidez de entrega y el cuidado con que ven\u00eda mi pedido. Todo lleg\u00f3 en perfectas condiciones y listo para disfrutar. \u00a1Definitivamente volver\u00e9 a comprar aqu\u00ed!&#8221; Laura M. &#8220;Excelente atenci\u00f3n y productos de calidad. Ped\u00ed unas botellas de vino [&hellip;]<\/p>\n","protected":false},"author":1,"featured_media":0,"parent":0,"menu_order":0,"comment_status":"closed","ping_status":"closed","template":"elementor_header_footer","meta":{"footnotes":""},"class_list":["post-103","page","type-page","status-publish","hentry"],"_links":{"self":[{"href":"https:\/\/espirita.store\/index.php?rest_route=\/wp\/v2\/pages\/103","targetHints":{"allow":["GET"]}}],"collection":[{"href":"https:\/\/espirita.store\/index.php?rest_route=\/wp\/v2\/pages"}],"about":[{"href":"https:\/\/espirita.store\/index.php?rest_route=\/wp\/v2\/types\/page"}],"author":[{"embeddable":true,"href":"https:\/\/espirita.store\/index.php?rest_route=\/wp\/v2\/users\/1"}],"replies":[{"embeddable":true,"href":"https:\/\/espirita.store\/index.php?rest_route=%2Fwp%2Fv2%2Fcomments&post=103"}],"version-history":[{"count":10,"href":"https:\/\/espirita.store\/index.php?rest_route=\/wp\/v2\/pages\/103\/revisions"}],"predecessor-version":[{"id":827,"href":"https:\/\/espirita.store\/index.php?rest_route=\/wp\/v2\/pages\/103\/revisions\/827"}],"wp:attachment":[{"href":"https:\/\/espirita.store\/index.php?rest_route=%2Fwp%2Fv2%2Fmedia&parent=103"}],"curies":[{"name":"wp","href":"https:\/\/api.w.org\/{rel}","templated":true}]}}